{"id":66,"date":"2021-10-11T11:09:55","date_gmt":"2021-10-11T11:09:55","guid":{"rendered":"https:\/\/sarlpapinalain.fr\/?page_id=66"},"modified":"2021-10-11T13:56:11","modified_gmt":"2021-10-11T13:56:11","slug":"realisation-dune-cloture-en-beton","status":"publish","type":"page","link":"https:\/\/sarlpapinalain.fr\/?page_id=66","title":{"rendered":"R\u00e9alisation D\u2019une Cl\u00f4ture En B\u00e9ton"},"content":{"rendered":"\n<p>L\u2019entreprise a \u00e9volu\u00e9 et fait maintenant divers travaux de ma\u00e7onnerie. Vous verrez ci-apr\u00e8s des photos d\u2019un chantier en cours. Il s\u2019agissait d\u2019\u00f4ter une cl\u00f4ture en grillage existante et de cr\u00e9er \u00e0 la place une grande partie en cl\u00f4ture b\u00e9ton et une autre partie en grillage dur en plaque.<\/p>\n\n\n\n<div class=\"wp-block-columns is-layout-flex wp-container-core-columns-is-layout-9d6595d7 wp-block-columns-is-layout-flex\">\n<div class=\"wp-block-column is-layout-flow wp-block-column-is-layout-flow\" style=\"flex-basis:100%\">\n<figure class=\"wp-block-gallery columns-3 is-cropped wp-block-gallery-1 is-layout-flex wp-block-gallery-is-layout-flex\"><ul class=\"blocks-gallery-grid\"><li class=\"blocks-gallery-item\"><figure><img loading=\"lazy\" decoding=\"async\" width=\"1365\" height=\"768\" src=\"https:\/\/sarlpapinalain.fr\/wp-content\/uploads\/2021\/10\/Mise-en-place-dune-cloture-beton-6-Copier-Copie.jpg\" alt=\"\" data-id=\"191\" data-full-url=\"https:\/\/sarlpapinalain.fr\/wp-content\/uploads\/2021\/10\/Mise-en-place-dune-cloture-beton-6-Copier-Copie.jpg\" data-link=\"https:\/\/sarlpapinalain.fr\/?attachment_id=191\" class=\"wp-image-191\" srcset=\"https:\/\/sarlpapinalain.fr\/wp-content\/uploads\/2021\/10\/Mise-en-place-dune-cloture-beton-6-Copier-Copie.jpg 1365w, https:\/\/sarlpapinalain.fr\/wp-content\/uploads\/2021\/10\/Mise-en-place-dune-cloture-beton-6-Copier-Copie-300x169.jpg 300w, https:\/\/sarlpapinalain.fr\/wp-content\/uploads\/2021\/10\/Mise-en-place-dune-cloture-beton-6-Copier-Copie-1024x576.jpg 1024w, https:\/\/sarlpapinalain.fr\/wp-content\/uploads\/2021\/10\/Mise-en-place-dune-cloture-beton-6-Copier-Copie-768x432.jpg 768w\" sizes=\"auto, (max-width: 1365px) 100vw, 1365px\" \/><\/figure><\/li><li class=\"blocks-gallery-item\"><figure><img loading=\"lazy\" decoding=\"async\" width=\"432\" height=\"768\" src=\"https:\/\/sarlpapinalain.fr\/wp-content\/uploads\/2021\/10\/Mise-en-place-dune-cloture-beton-10-Copier-Copie.jpg\" alt=\"\" data-id=\"192\" data-full-url=\"https:\/\/sarlpapinalain.fr\/wp-content\/uploads\/2021\/10\/Mise-en-place-dune-cloture-beton-10-Copier-Copie.jpg\" data-link=\"https:\/\/sarlpapinalain.fr\/?attachment_id=192\" class=\"wp-image-192\" srcset=\"https:\/\/sarlpapinalain.fr\/wp-content\/uploads\/2021\/10\/Mise-en-place-dune-cloture-beton-10-Copier-Copie.jpg 432w, https:\/\/sarlpapinalain.fr\/wp-content\/uploads\/2021\/10\/Mise-en-place-dune-cloture-beton-10-Copier-Copie-169x300.jpg 169w\" sizes=\"auto, (max-width: 432px) 100vw, 432px\" \/><\/figure><\/li><li class=\"blocks-gallery-item\"><figure><img loading=\"lazy\" decoding=\"async\" width=\"432\" height=\"768\" src=\"https:\/\/sarlpapinalain.fr\/wp-content\/uploads\/2021\/10\/Mise-en-place-dune-cloture-beton-2-Copier-Copie.jpg\" alt=\"\" data-id=\"189\" data-full-url=\"https:\/\/sarlpapinalain.fr\/wp-content\/uploads\/2021\/10\/Mise-en-place-dune-cloture-beton-2-Copier-Copie.jpg\" data-link=\"https:\/\/sarlpapinalain.fr\/?attachment_id=189\" class=\"wp-image-189\" srcset=\"https:\/\/sarlpapinalain.fr\/wp-content\/uploads\/2021\/10\/Mise-en-place-dune-cloture-beton-2-Copier-Copie.jpg 432w, https:\/\/sarlpapinalain.fr\/wp-content\/uploads\/2021\/10\/Mise-en-place-dune-cloture-beton-2-Copier-Copie-169x300.jpg 169w\" sizes=\"auto, (max-width: 432px) 100vw, 432px\" \/><\/figure><\/li><\/ul><\/figure>\n<\/div>\n<\/div>\n","protected":false},"excerpt":{"rendered":"<p>L\u2019entreprise a \u00e9volu\u00e9 et fait maintenant divers travaux de ma\u00e7onnerie. Vous verrez ci-apr\u00e8s des photos d\u2019un chantier en cours. Il s\u2019agissait d\u2019\u00f4ter une cl\u00f4ture en grillage existante et de cr\u00e9er \u00e0 la place une grande partie en cl\u00f4ture b\u00e9ton et &hellip; <a href=\"https:\/\/sarlpapinalain.fr\/?page_id=66\">Continuer la lecture <span class=\"meta-nav\">&rarr;<\/span><\/a><\/p>\n","protected":false},"author":1,"featured_media":0,"parent":26,"menu_order":0,"comment_status":"closed","ping_status":"closed","template":"","meta":{"footnotes":""},"class_list":["post-66","page","type-page","status-publish","hentry"],"yoast_head":"<!-- This site is optimized with the Yoast SEO plugin v27.5 - https:\/\/yoast.com\/product\/yoast-seo-wordpress\/ -->\n<title>R\u00e9alisation D\u2019une Cl\u00f4ture En B\u00e9ton - SARL PAPIN ALAIN<\/title>\n<meta name=\"robots\" content=\"index, follow, max-snippet:-1, max-image-preview:large, max-video-preview:-1\" \/>\n<link rel=\"canonical\" href=\"https:\/\/sarlpapinalain.fr\/?page_id=66\" \/>\n<meta property=\"og:locale\" content=\"fr_FR\" \/>\n<meta property=\"og:type\" content=\"article\" \/>\n<meta property=\"og:title\" content=\"R\u00e9alisation D\u2019une Cl\u00f4ture En B\u00e9ton - SARL PAPIN ALAIN\" \/>\n<meta property=\"og:description\" content=\"L\u2019entreprise a \u00e9volu\u00e9 et fait maintenant divers travaux de ma\u00e7onnerie. Vous verrez ci-apr\u00e8s des photos d\u2019un chantier en cours. Il s\u2019agissait d\u2019\u00f4ter une cl\u00f4ture en grillage existante et de cr\u00e9er \u00e0 la place une grande partie en cl\u00f4ture b\u00e9ton et &hellip; Continuer la lecture &rarr;\" \/>\n<meta property=\"og:url\" content=\"https:\/\/sarlpapinalain.fr\/?page_id=66\" \/>\n<meta property=\"og:site_name\" content=\"SARL PAPIN ALAIN\" \/>\n<meta property=\"article:modified_time\" content=\"2021-10-11T13:56:11+00:00\" \/>\n<meta property=\"og:image\" content=\"https:\/\/sarlpapinalain.fr\/wp-content\/uploads\/2021\/10\/Mise-en-place-dune-cloture-beton-6-Copier-Copie.jpg\" \/>\n<meta name=\"twitter:card\" content=\"summary_large_image\" \/>\n<meta name=\"twitter:label1\" content=\"Dur\u00e9e de lecture estim\u00e9e\" \/>\n\t<meta name=\"twitter:data1\" content=\"1 minute\" \/>\n<script type=\"application\/ld+json\" class=\"yoast-schema-graph\">{\"@context\":\"https:\\\/\\\/schema.org\",\"@graph\":[{\"@type\":\"WebPage\",\"@id\":\"https:\\\/\\\/sarlpapinalain.fr\\\/?page_id=66\",\"url\":\"https:\\\/\\\/sarlpapinalain.fr\\\/?page_id=66\",\"name\":\"R\u00e9alisation D\u2019une Cl\u00f4ture En B\u00e9ton - SARL PAPIN ALAIN\",\"isPartOf\":{\"@id\":\"https:\\\/\\\/sarlpapinalain.fr\\\/#website\"},\"primaryImageOfPage\":{\"@id\":\"https:\\\/\\\/sarlpapinalain.fr\\\/?page_id=66#primaryimage\"},\"image\":{\"@id\":\"https:\\\/\\\/sarlpapinalain.fr\\\/?page_id=66#primaryimage\"},\"thumbnailUrl\":\"https:\\\/\\\/sarlpapinalain.fr\\\/wp-content\\\/uploads\\\/2021\\\/10\\\/Mise-en-place-dune-cloture-beton-6-Copier-Copie.jpg\",\"datePublished\":\"2021-10-11T11:09:55+00:00\",\"dateModified\":\"2021-10-11T13:56:11+00:00\",\"breadcrumb\":{\"@id\":\"https:\\\/\\\/sarlpapinalain.fr\\\/?page_id=66#breadcrumb\"},\"inLanguage\":\"fr-FR\",\"potentialAction\":[{\"@type\":\"ReadAction\",\"target\":[\"https:\\\/\\\/sarlpapinalain.fr\\\/?page_id=66\"]}]},{\"@type\":\"ImageObject\",\"inLanguage\":\"fr-FR\",\"@id\":\"https:\\\/\\\/sarlpapinalain.fr\\\/?page_id=66#primaryimage\",\"url\":\"https:\\\/\\\/sarlpapinalain.fr\\\/wp-content\\\/uploads\\\/2021\\\/10\\\/Mise-en-place-dune-cloture-beton-6-Copier-Copie.jpg\",\"contentUrl\":\"https:\\\/\\\/sarlpapinalain.fr\\\/wp-content\\\/uploads\\\/2021\\\/10\\\/Mise-en-place-dune-cloture-beton-6-Copier-Copie.jpg\",\"width\":1365,\"height\":768},{\"@type\":\"BreadcrumbList\",\"@id\":\"https:\\\/\\\/sarlpapinalain.fr\\\/?page_id=66#breadcrumb\",\"itemListElement\":[{\"@type\":\"ListItem\",\"position\":1,\"name\":\"Accueil\",\"item\":\"https:\\\/\\\/sarlpapinalain.fr\\\/\"},{\"@type\":\"ListItem\",\"position\":2,\"name\":\"Les cl\u00f4tures\",\"item\":\"https:\\\/\\\/sarlpapinalain.fr\\\/?page_id=26\"},{\"@type\":\"ListItem\",\"position\":3,\"name\":\"R\u00e9alisation D\u2019une Cl\u00f4ture En B\u00e9ton\"}]},{\"@type\":\"WebSite\",\"@id\":\"https:\\\/\\\/sarlpapinalain.fr\\\/#website\",\"url\":\"https:\\\/\\\/sarlpapinalain.fr\\\/\",\"name\":\"SARL PAPIN ALAIN\",\"description\":\"Votre artisan carreleur\",\"potentialAction\":[{\"@type\":\"SearchAction\",\"target\":{\"@type\":\"EntryPoint\",\"urlTemplate\":\"https:\\\/\\\/sarlpapinalain.fr\\\/?s={search_term_string}\"},\"query-input\":{\"@type\":\"PropertyValueSpecification\",\"valueRequired\":true,\"valueName\":\"search_term_string\"}}],\"inLanguage\":\"fr-FR\"}]}<\/script>\n<!-- \/ Yoast SEO plugin. -->","yoast_head_json":{"title":"R\u00e9alisation D\u2019une Cl\u00f4ture En B\u00e9ton - SARL PAPIN ALAIN","robots":{"index":"index","follow":"follow","max-snippet":"max-snippet:-1","max-image-preview":"max-image-preview:large","max-video-preview":"max-video-preview:-1"},"canonical":"https:\/\/sarlpapinalain.fr\/?page_id=66","og_locale":"fr_FR","og_type":"article","og_title":"R\u00e9alisation D\u2019une Cl\u00f4ture En B\u00e9ton - SARL PAPIN ALAIN","og_description":"L\u2019entreprise a \u00e9volu\u00e9 et fait maintenant divers travaux de ma\u00e7onnerie. Vous verrez ci-apr\u00e8s des photos d\u2019un chantier en cours. Il s\u2019agissait d\u2019\u00f4ter une cl\u00f4ture en grillage existante et de cr\u00e9er \u00e0 la place une grande partie en cl\u00f4ture b\u00e9ton et &hellip; Continuer la lecture &rarr;","og_url":"https:\/\/sarlpapinalain.fr\/?page_id=66","og_site_name":"SARL PAPIN ALAIN","article_modified_time":"2021-10-11T13:56:11+00:00","og_image":[{"url":"https:\/\/sarlpapinalain.fr\/wp-content\/uploads\/2021\/10\/Mise-en-place-dune-cloture-beton-6-Copier-Copie.jpg","type":"","width":"","height":""}],"twitter_card":"summary_large_image","twitter_misc":{"Dur\u00e9e de lecture estim\u00e9e":"1 minute"},"schema":{"@context":"https:\/\/schema.org","@graph":[{"@type":"WebPage","@id":"https:\/\/sarlpapinalain.fr\/?page_id=66","url":"https:\/\/sarlpapinalain.fr\/?page_id=66","name":"R\u00e9alisation D\u2019une Cl\u00f4ture En B\u00e9ton - SARL PAPIN ALAIN","isPartOf":{"@id":"https:\/\/sarlpapinalain.fr\/#website"},"primaryImageOfPage":{"@id":"https:\/\/sarlpapinalain.fr\/?page_id=66#primaryimage"},"image":{"@id":"https:\/\/sarlpapinalain.fr\/?page_id=66#primaryimage"},"thumbnailUrl":"https:\/\/sarlpapinalain.fr\/wp-content\/uploads\/2021\/10\/Mise-en-place-dune-cloture-beton-6-Copier-Copie.jpg","datePublished":"2021-10-11T11:09:55+00:00","dateModified":"2021-10-11T13:56:11+00:00","breadcrumb":{"@id":"https:\/\/sarlpapinalain.fr\/?page_id=66#breadcrumb"},"inLanguage":"fr-FR","potentialAction":[{"@type":"ReadAction","target":["https:\/\/sarlpapinalain.fr\/?page_id=66"]}]},{"@type":"ImageObject","inLanguage":"fr-FR","@id":"https:\/\/sarlpapinalain.fr\/?page_id=66#primaryimage","url":"https:\/\/sarlpapinalain.fr\/wp-content\/uploads\/2021\/10\/Mise-en-place-dune-cloture-beton-6-Copier-Copie.jpg","contentUrl":"https:\/\/sarlpapinalain.fr\/wp-content\/uploads\/2021\/10\/Mise-en-place-dune-cloture-beton-6-Copier-Copie.jpg","width":1365,"height":768},{"@type":"BreadcrumbList","@id":"https:\/\/sarlpapinalain.fr\/?page_id=66#breadcrumb","itemListElement":[{"@type":"ListItem","position":1,"name":"Accueil","item":"https:\/\/sarlpapinalain.fr\/"},{"@type":"ListItem","position":2,"name":"Les cl\u00f4tures","item":"https:\/\/sarlpapinalain.fr\/?page_id=26"},{"@type":"ListItem","position":3,"name":"R\u00e9alisation D\u2019une Cl\u00f4ture En B\u00e9ton"}]},{"@type":"WebSite","@id":"https:\/\/sarlpapinalain.fr\/#website","url":"https:\/\/sarlpapinalain.fr\/","name":"SARL PAPIN ALAIN","description":"Votre artisan carreleur","potentialAction":[{"@type":"SearchAction","target":{"@type":"EntryPoint","urlTemplate":"https:\/\/sarlpapinalain.fr\/?s={search_term_string}"},"query-input":{"@type":"PropertyValueSpecification","valueRequired":true,"valueName":"search_term_string"}}],"inLanguage":"fr-FR"}]}},"_links":{"self":[{"href":"https:\/\/sarlpapinalain.fr\/index.php?rest_route=\/wp\/v2\/pages\/66","targetHints":{"allow":["GET"]}}],"collection":[{"href":"https:\/\/sarlpapinalain.fr\/index.php?rest_route=\/wp\/v2\/pages"}],"about":[{"href":"https:\/\/sarlpapinalain.fr\/index.php?rest_route=\/wp\/v2\/types\/page"}],"author":[{"embeddable":true,"href":"https:\/\/sarlpapinalain.fr\/index.php?rest_route=\/wp\/v2\/users\/1"}],"replies":[{"embeddable":true,"href":"https:\/\/sarlpapinalain.fr\/index.php?rest_route=%2Fwp%2Fv2%2Fcomments&post=66"}],"version-history":[{"count":3,"href":"https:\/\/sarlpapinalain.fr\/index.php?rest_route=\/wp\/v2\/pages\/66\/revisions"}],"predecessor-version":[{"id":194,"href":"https:\/\/sarlpapinalain.fr\/index.php?rest_route=\/wp\/v2\/pages\/66\/revisions\/194"}],"up":[{"embeddable":true,"href":"https:\/\/sarlpapinalain.fr\/index.php?rest_route=\/wp\/v2\/pages\/26"}],"wp:attachment":[{"href":"https:\/\/sarlpapinalain.fr\/index.php?rest_route=%2Fwp%2Fv2%2Fmedia&parent=66"}],"curies":[{"name":"wp","href":"https:\/\/api.w.org\/{rel}","templated":true}]}}