{"id":62,"date":"2021-10-11T11:06:59","date_gmt":"2021-10-11T11:06:59","guid":{"rendered":"https:\/\/sarlpapinalain.fr\/?page_id=62"},"modified":"2021-10-11T11:55:22","modified_gmt":"2021-10-11T11:55:22","slug":"realisation-de-canalisation","status":"publish","type":"page","link":"https:\/\/sarlpapinalain.fr\/?page_id=62","title":{"rendered":"R\u00e9alisation De Canalisation"},"content":{"rendered":"\n<p>L\u2019entreprise a investi dans l\u2019achat d\u2019une mini pelle, cette derni\u00e8re permet alors de r\u00e9aliser des travaux de terrassement.<\/p>\n\n\n\n<p>Parfois dans le cadre du travail, il arrive que les canalisations soient \u00e0 refaire pour permettre un bon \u00e9coulement des eaux pluviales.<\/p>\n\n\n\n<p>Ci dessous le r\u00e9seau d\u2019\u00e9vacuation d\u2019eau est enti\u00e8rement refait .<\/p>\n\n\n\n<p>Par la suite un coffrage sera fait et une terrasse sera coul\u00e9e.<\/p>\n","protected":false},"excerpt":{"rendered":"<p>L\u2019entreprise a investi dans l\u2019achat d\u2019une mini pelle, cette derni\u00e8re permet alors de r\u00e9aliser des travaux de terrassement. Parfois dans le cadre du travail, il arrive que les canalisations soient \u00e0 refaire pour permettre un bon \u00e9coulement des eaux pluviales. &hellip; <a href=\"https:\/\/sarlpapinalain.fr\/?page_id=62\">Continuer la lecture <span class=\"meta-nav\">&rarr;<\/span><\/a><\/p>\n","protected":false},"author":1,"featured_media":0,"parent":22,"menu_order":0,"comment_status":"closed","ping_status":"closed","template":"","meta":{"footnotes":""},"class_list":["post-62","page","type-page","status-publish","hentry"],"yoast_head":"<!-- This site is optimized with the Yoast SEO plugin v27.6 - https:\/\/yoast.com\/product\/yoast-seo-wordpress\/ -->\n<title>R\u00e9alisation De Canalisation - SARL PAPIN ALAIN<\/title>\n<meta name=\"robots\" content=\"index, follow, max-snippet:-1, max-image-preview:large, max-video-preview:-1\" \/>\n<link rel=\"canonical\" href=\"https:\/\/sarlpapinalain.fr\/?page_id=62\" \/>\n<meta property=\"og:locale\" content=\"fr_FR\" \/>\n<meta property=\"og:type\" content=\"article\" \/>\n<meta property=\"og:title\" content=\"R\u00e9alisation De Canalisation - SARL PAPIN ALAIN\" \/>\n<meta property=\"og:description\" content=\"L\u2019entreprise a investi dans l\u2019achat d\u2019une mini pelle, cette derni\u00e8re permet alors de r\u00e9aliser des travaux de terrassement. Parfois dans le cadre du travail, il arrive que les canalisations soient \u00e0 refaire pour permettre un bon \u00e9coulement des eaux pluviales. &hellip; Continuer la lecture &rarr;\" \/>\n<meta property=\"og:url\" content=\"https:\/\/sarlpapinalain.fr\/?page_id=62\" \/>\n<meta property=\"og:site_name\" content=\"SARL PAPIN ALAIN\" \/>\n<meta property=\"article:modified_time\" content=\"2021-10-11T11:55:22+00:00\" \/>\n<meta name=\"twitter:card\" content=\"summary_large_image\" \/>\n<meta name=\"twitter:label1\" content=\"Dur\u00e9e de lecture estim\u00e9e\" \/>\n\t<meta name=\"twitter:data1\" content=\"1 minute\" \/>\n<script type=\"application\/ld+json\" class=\"yoast-schema-graph\">{\"@context\":\"https:\\\/\\\/schema.org\",\"@graph\":[{\"@type\":\"WebPage\",\"@id\":\"https:\\\/\\\/sarlpapinalain.fr\\\/?page_id=62\",\"url\":\"https:\\\/\\\/sarlpapinalain.fr\\\/?page_id=62\",\"name\":\"R\u00e9alisation De Canalisation - SARL PAPIN ALAIN\",\"isPartOf\":{\"@id\":\"https:\\\/\\\/sarlpapinalain.fr\\\/#website\"},\"datePublished\":\"2021-10-11T11:06:59+00:00\",\"dateModified\":\"2021-10-11T11:55:22+00:00\",\"breadcrumb\":{\"@id\":\"https:\\\/\\\/sarlpapinalain.fr\\\/?page_id=62#breadcrumb\"},\"inLanguage\":\"fr-FR\",\"potentialAction\":[{\"@type\":\"ReadAction\",\"target\":[\"https:\\\/\\\/sarlpapinalain.fr\\\/?page_id=62\"]}]},{\"@type\":\"BreadcrumbList\",\"@id\":\"https:\\\/\\\/sarlpapinalain.fr\\\/?page_id=62#breadcrumb\",\"itemListElement\":[{\"@type\":\"ListItem\",\"position\":1,\"name\":\"Accueil\",\"item\":\"https:\\\/\\\/sarlpapinalain.fr\\\/\"},{\"@type\":\"ListItem\",\"position\":2,\"name\":\"Ma\u00e7onnerie\",\"item\":\"https:\\\/\\\/sarlpapinalain.fr\\\/?page_id=22\"},{\"@type\":\"ListItem\",\"position\":3,\"name\":\"R\u00e9alisation De Canalisation\"}]},{\"@type\":\"WebSite\",\"@id\":\"https:\\\/\\\/sarlpapinalain.fr\\\/#website\",\"url\":\"https:\\\/\\\/sarlpapinalain.fr\\\/\",\"name\":\"SARL PAPIN ALAIN\",\"description\":\"Votre artisan carreleur\",\"potentialAction\":[{\"@type\":\"SearchAction\",\"target\":{\"@type\":\"EntryPoint\",\"urlTemplate\":\"https:\\\/\\\/sarlpapinalain.fr\\\/?s={search_term_string}\"},\"query-input\":{\"@type\":\"PropertyValueSpecification\",\"valueRequired\":true,\"valueName\":\"search_term_string\"}}],\"inLanguage\":\"fr-FR\"}]}<\/script>\n<!-- \/ Yoast SEO plugin. -->","yoast_head_json":{"title":"R\u00e9alisation De Canalisation - SARL PAPIN ALAIN","robots":{"index":"index","follow":"follow","max-snippet":"max-snippet:-1","max-image-preview":"max-image-preview:large","max-video-preview":"max-video-preview:-1"},"canonical":"https:\/\/sarlpapinalain.fr\/?page_id=62","og_locale":"fr_FR","og_type":"article","og_title":"R\u00e9alisation De Canalisation - SARL PAPIN ALAIN","og_description":"L\u2019entreprise a investi dans l\u2019achat d\u2019une mini pelle, cette derni\u00e8re permet alors de r\u00e9aliser des travaux de terrassement. Parfois dans le cadre du travail, il arrive que les canalisations soient \u00e0 refaire pour permettre un bon \u00e9coulement des eaux pluviales. &hellip; Continuer la lecture &rarr;","og_url":"https:\/\/sarlpapinalain.fr\/?page_id=62","og_site_name":"SARL PAPIN ALAIN","article_modified_time":"2021-10-11T11:55:22+00:00","twitter_card":"summary_large_image","twitter_misc":{"Dur\u00e9e de lecture estim\u00e9e":"1 minute"},"schema":{"@context":"https:\/\/schema.org","@graph":[{"@type":"WebPage","@id":"https:\/\/sarlpapinalain.fr\/?page_id=62","url":"https:\/\/sarlpapinalain.fr\/?page_id=62","name":"R\u00e9alisation De Canalisation - SARL PAPIN ALAIN","isPartOf":{"@id":"https:\/\/sarlpapinalain.fr\/#website"},"datePublished":"2021-10-11T11:06:59+00:00","dateModified":"2021-10-11T11:55:22+00:00","breadcrumb":{"@id":"https:\/\/sarlpapinalain.fr\/?page_id=62#breadcrumb"},"inLanguage":"fr-FR","potentialAction":[{"@type":"ReadAction","target":["https:\/\/sarlpapinalain.fr\/?page_id=62"]}]},{"@type":"BreadcrumbList","@id":"https:\/\/sarlpapinalain.fr\/?page_id=62#breadcrumb","itemListElement":[{"@type":"ListItem","position":1,"name":"Accueil","item":"https:\/\/sarlpapinalain.fr\/"},{"@type":"ListItem","position":2,"name":"Ma\u00e7onnerie","item":"https:\/\/sarlpapinalain.fr\/?page_id=22"},{"@type":"ListItem","position":3,"name":"R\u00e9alisation De Canalisation"}]},{"@type":"WebSite","@id":"https:\/\/sarlpapinalain.fr\/#website","url":"https:\/\/sarlpapinalain.fr\/","name":"SARL PAPIN ALAIN","description":"Votre artisan carreleur","potentialAction":[{"@type":"SearchAction","target":{"@type":"EntryPoint","urlTemplate":"https:\/\/sarlpapinalain.fr\/?s={search_term_string}"},"query-input":{"@type":"PropertyValueSpecification","valueRequired":true,"valueName":"search_term_string"}}],"inLanguage":"fr-FR"}]}},"_links":{"self":[{"href":"https:\/\/sarlpapinalain.fr\/index.php?rest_route=\/wp\/v2\/pages\/62","targetHints":{"allow":["GET"]}}],"collection":[{"href":"https:\/\/sarlpapinalain.fr\/index.php?rest_route=\/wp\/v2\/pages"}],"about":[{"href":"https:\/\/sarlpapinalain.fr\/index.php?rest_route=\/wp\/v2\/types\/page"}],"author":[{"embeddable":true,"href":"https:\/\/sarlpapinalain.fr\/index.php?rest_route=\/wp\/v2\/users\/1"}],"replies":[{"embeddable":true,"href":"https:\/\/sarlpapinalain.fr\/index.php?rest_route=%2Fwp%2Fv2%2Fcomments&post=62"}],"version-history":[{"count":2,"href":"https:\/\/sarlpapinalain.fr\/index.php?rest_route=\/wp\/v2\/pages\/62\/revisions"}],"predecessor-version":[{"id":159,"href":"https:\/\/sarlpapinalain.fr\/index.php?rest_route=\/wp\/v2\/pages\/62\/revisions\/159"}],"up":[{"embeddable":true,"href":"https:\/\/sarlpapinalain.fr\/index.php?rest_route=\/wp\/v2\/pages\/22"}],"wp:attachment":[{"href":"https:\/\/sarlpapinalain.fr\/index.php?rest_route=%2Fwp%2Fv2%2Fmedia&parent=62"}],"curies":[{"name":"wp","href":"https:\/\/api.w.org\/{rel}","templated":true}]}}