{"id":58,"date":"2021-10-11T10:36:39","date_gmt":"2021-10-11T10:36:39","guid":{"rendered":"https:\/\/sarlpapinalain.fr\/?page_id=58"},"modified":"2021-10-12T07:37:17","modified_gmt":"2021-10-12T07:37:17","slug":"les-grands-carreaux-dits-rectifies","status":"publish","type":"page","link":"https:\/\/sarlpapinalain.fr\/?page_id=58","title":{"rendered":"Les Grands Carreaux Dits Rectifi\u00e9s"},"content":{"rendered":"\n<p>De plus&nbsp; en plus les clients souhaitent avoir le moins de joint possible. Pour permettre ceci il est possible de poser des grands carreaux rectifi\u00e9, c\u2019est \u00e0 dire sans bords amincis. Ces carreaux rectifi\u00e9s se posent avec des cales et permettent un joint tr\u00e8s mince.<\/p>\n\n\n\n<p>Les carreaux droits sont\u00a0 souvent des grands carreaux d\u2019au moins 60 cm de cot\u00e9. <\/p>\n\n\n\n<figure class=\"wp-block-image size-large is-resized\"><img loading=\"lazy\" decoding=\"async\" src=\"https:\/\/sarlpapinalain.fr\/wp-content\/uploads\/2021\/10\/realisation-pose-dun-sol-gris-rectifie-en-60-par-60-11-Copier-1024x576.jpg\" alt=\"\" class=\"wp-image-196\" width=\"366\" height=\"205\" srcset=\"https:\/\/sarlpapinalain.fr\/wp-content\/uploads\/2021\/10\/realisation-pose-dun-sol-gris-rectifie-en-60-par-60-11-Copier-1024x576.jpg 1024w, https:\/\/sarlpapinalain.fr\/wp-content\/uploads\/2021\/10\/realisation-pose-dun-sol-gris-rectifie-en-60-par-60-11-Copier-300x169.jpg 300w, https:\/\/sarlpapinalain.fr\/wp-content\/uploads\/2021\/10\/realisation-pose-dun-sol-gris-rectifie-en-60-par-60-11-Copier-768x432.jpg 768w, https:\/\/sarlpapinalain.fr\/wp-content\/uploads\/2021\/10\/realisation-pose-dun-sol-gris-rectifie-en-60-par-60-11-Copier.jpg 1365w\" sizes=\"auto, (max-width: 366px) 100vw, 366px\" \/><\/figure>\n","protected":false},"excerpt":{"rendered":"<p>De plus&nbsp; en plus les clients souhaitent avoir le moins de joint possible. Pour permettre ceci il est possible de poser des grands carreaux rectifi\u00e9, c\u2019est \u00e0 dire sans bords amincis. Ces carreaux rectifi\u00e9s se posent avec des cales et &hellip; <a href=\"https:\/\/sarlpapinalain.fr\/?page_id=58\">Continuer la lecture <span class=\"meta-nav\">&rarr;<\/span><\/a><\/p>\n","protected":false},"author":1,"featured_media":0,"parent":20,"menu_order":0,"comment_status":"closed","ping_status":"closed","template":"","meta":{"footnotes":""},"class_list":["post-58","page","type-page","status-publish","hentry"],"yoast_head":"<!-- This site is optimized with the Yoast SEO plugin v27.5 - https:\/\/yoast.com\/product\/yoast-seo-wordpress\/ -->\n<title>Les Grands Carreaux Dits Rectifi\u00e9s - SARL PAPIN ALAIN<\/title>\n<meta name=\"robots\" content=\"index, follow, max-snippet:-1, max-image-preview:large, max-video-preview:-1\" \/>\n<link rel=\"canonical\" href=\"https:\/\/sarlpapinalain.fr\/?page_id=58\" \/>\n<meta property=\"og:locale\" content=\"fr_FR\" \/>\n<meta property=\"og:type\" content=\"article\" \/>\n<meta property=\"og:title\" content=\"Les Grands Carreaux Dits Rectifi\u00e9s - SARL PAPIN ALAIN\" \/>\n<meta property=\"og:description\" content=\"De plus&nbsp; en plus les clients souhaitent avoir le moins de joint possible. Pour permettre ceci il est possible de poser des grands carreaux rectifi\u00e9, c\u2019est \u00e0 dire sans bords amincis. Ces carreaux rectifi\u00e9s se posent avec des cales et &hellip; Continuer la lecture &rarr;\" \/>\n<meta property=\"og:url\" content=\"https:\/\/sarlpapinalain.fr\/?page_id=58\" \/>\n<meta property=\"og:site_name\" content=\"SARL PAPIN ALAIN\" \/>\n<meta property=\"article:modified_time\" content=\"2021-10-12T07:37:17+00:00\" \/>\n<meta property=\"og:image\" content=\"https:\/\/sarlpapinalain.fr\/wp-content\/uploads\/2021\/10\/realisation-pose-dun-sol-gris-rectifie-en-60-par-60-11-Copier-1024x576.jpg\" \/>\n<meta name=\"twitter:card\" content=\"summary_large_image\" \/>\n<meta name=\"twitter:label1\" content=\"Dur\u00e9e de lecture estim\u00e9e\" \/>\n\t<meta name=\"twitter:data1\" content=\"1 minute\" \/>\n<script type=\"application\/ld+json\" class=\"yoast-schema-graph\">{\"@context\":\"https:\\\/\\\/schema.org\",\"@graph\":[{\"@type\":\"WebPage\",\"@id\":\"https:\\\/\\\/sarlpapinalain.fr\\\/?page_id=58\",\"url\":\"https:\\\/\\\/sarlpapinalain.fr\\\/?page_id=58\",\"name\":\"Les Grands Carreaux Dits Rectifi\u00e9s - SARL PAPIN ALAIN\",\"isPartOf\":{\"@id\":\"https:\\\/\\\/sarlpapinalain.fr\\\/#website\"},\"primaryImageOfPage\":{\"@id\":\"https:\\\/\\\/sarlpapinalain.fr\\\/?page_id=58#primaryimage\"},\"image\":{\"@id\":\"https:\\\/\\\/sarlpapinalain.fr\\\/?page_id=58#primaryimage\"},\"thumbnailUrl\":\"https:\\\/\\\/sarlpapinalain.fr\\\/wp-content\\\/uploads\\\/2021\\\/10\\\/realisation-pose-dun-sol-gris-rectifie-en-60-par-60-11-Copier-1024x576.jpg\",\"datePublished\":\"2021-10-11T10:36:39+00:00\",\"dateModified\":\"2021-10-12T07:37:17+00:00\",\"breadcrumb\":{\"@id\":\"https:\\\/\\\/sarlpapinalain.fr\\\/?page_id=58#breadcrumb\"},\"inLanguage\":\"fr-FR\",\"potentialAction\":[{\"@type\":\"ReadAction\",\"target\":[\"https:\\\/\\\/sarlpapinalain.fr\\\/?page_id=58\"]}]},{\"@type\":\"ImageObject\",\"inLanguage\":\"fr-FR\",\"@id\":\"https:\\\/\\\/sarlpapinalain.fr\\\/?page_id=58#primaryimage\",\"url\":\"https:\\\/\\\/sarlpapinalain.fr\\\/wp-content\\\/uploads\\\/2021\\\/10\\\/realisation-pose-dun-sol-gris-rectifie-en-60-par-60-11-Copier.jpg\",\"contentUrl\":\"https:\\\/\\\/sarlpapinalain.fr\\\/wp-content\\\/uploads\\\/2021\\\/10\\\/realisation-pose-dun-sol-gris-rectifie-en-60-par-60-11-Copier.jpg\",\"width\":1365,\"height\":768},{\"@type\":\"BreadcrumbList\",\"@id\":\"https:\\\/\\\/sarlpapinalain.fr\\\/?page_id=58#breadcrumb\",\"itemListElement\":[{\"@type\":\"ListItem\",\"position\":1,\"name\":\"Accueil\",\"item\":\"https:\\\/\\\/sarlpapinalain.fr\\\/\"},{\"@type\":\"ListItem\",\"position\":2,\"name\":\"Les sols\",\"item\":\"https:\\\/\\\/sarlpapinalain.fr\\\/?page_id=20\"},{\"@type\":\"ListItem\",\"position\":3,\"name\":\"Les Grands Carreaux Dits Rectifi\u00e9s\"}]},{\"@type\":\"WebSite\",\"@id\":\"https:\\\/\\\/sarlpapinalain.fr\\\/#website\",\"url\":\"https:\\\/\\\/sarlpapinalain.fr\\\/\",\"name\":\"SARL PAPIN ALAIN\",\"description\":\"Votre artisan carreleur\",\"potentialAction\":[{\"@type\":\"SearchAction\",\"target\":{\"@type\":\"EntryPoint\",\"urlTemplate\":\"https:\\\/\\\/sarlpapinalain.fr\\\/?s={search_term_string}\"},\"query-input\":{\"@type\":\"PropertyValueSpecification\",\"valueRequired\":true,\"valueName\":\"search_term_string\"}}],\"inLanguage\":\"fr-FR\"}]}<\/script>\n<!-- \/ Yoast SEO plugin. -->","yoast_head_json":{"title":"Les Grands Carreaux Dits Rectifi\u00e9s - SARL PAPIN ALAIN","robots":{"index":"index","follow":"follow","max-snippet":"max-snippet:-1","max-image-preview":"max-image-preview:large","max-video-preview":"max-video-preview:-1"},"canonical":"https:\/\/sarlpapinalain.fr\/?page_id=58","og_locale":"fr_FR","og_type":"article","og_title":"Les Grands Carreaux Dits Rectifi\u00e9s - SARL PAPIN ALAIN","og_description":"De plus&nbsp; en plus les clients souhaitent avoir le moins de joint possible. Pour permettre ceci il est possible de poser des grands carreaux rectifi\u00e9, c\u2019est \u00e0 dire sans bords amincis. Ces carreaux rectifi\u00e9s se posent avec des cales et &hellip; Continuer la lecture &rarr;","og_url":"https:\/\/sarlpapinalain.fr\/?page_id=58","og_site_name":"SARL PAPIN ALAIN","article_modified_time":"2021-10-12T07:37:17+00:00","og_image":[{"url":"https:\/\/sarlpapinalain.fr\/wp-content\/uploads\/2021\/10\/realisation-pose-dun-sol-gris-rectifie-en-60-par-60-11-Copier-1024x576.jpg","type":"","width":"","height":""}],"twitter_card":"summary_large_image","twitter_misc":{"Dur\u00e9e de lecture estim\u00e9e":"1 minute"},"schema":{"@context":"https:\/\/schema.org","@graph":[{"@type":"WebPage","@id":"https:\/\/sarlpapinalain.fr\/?page_id=58","url":"https:\/\/sarlpapinalain.fr\/?page_id=58","name":"Les Grands Carreaux Dits Rectifi\u00e9s - SARL PAPIN ALAIN","isPartOf":{"@id":"https:\/\/sarlpapinalain.fr\/#website"},"primaryImageOfPage":{"@id":"https:\/\/sarlpapinalain.fr\/?page_id=58#primaryimage"},"image":{"@id":"https:\/\/sarlpapinalain.fr\/?page_id=58#primaryimage"},"thumbnailUrl":"https:\/\/sarlpapinalain.fr\/wp-content\/uploads\/2021\/10\/realisation-pose-dun-sol-gris-rectifie-en-60-par-60-11-Copier-1024x576.jpg","datePublished":"2021-10-11T10:36:39+00:00","dateModified":"2021-10-12T07:37:17+00:00","breadcrumb":{"@id":"https:\/\/sarlpapinalain.fr\/?page_id=58#breadcrumb"},"inLanguage":"fr-FR","potentialAction":[{"@type":"ReadAction","target":["https:\/\/sarlpapinalain.fr\/?page_id=58"]}]},{"@type":"ImageObject","inLanguage":"fr-FR","@id":"https:\/\/sarlpapinalain.fr\/?page_id=58#primaryimage","url":"https:\/\/sarlpapinalain.fr\/wp-content\/uploads\/2021\/10\/realisation-pose-dun-sol-gris-rectifie-en-60-par-60-11-Copier.jpg","contentUrl":"https:\/\/sarlpapinalain.fr\/wp-content\/uploads\/2021\/10\/realisation-pose-dun-sol-gris-rectifie-en-60-par-60-11-Copier.jpg","width":1365,"height":768},{"@type":"BreadcrumbList","@id":"https:\/\/sarlpapinalain.fr\/?page_id=58#breadcrumb","itemListElement":[{"@type":"ListItem","position":1,"name":"Accueil","item":"https:\/\/sarlpapinalain.fr\/"},{"@type":"ListItem","position":2,"name":"Les sols","item":"https:\/\/sarlpapinalain.fr\/?page_id=20"},{"@type":"ListItem","position":3,"name":"Les Grands Carreaux Dits Rectifi\u00e9s"}]},{"@type":"WebSite","@id":"https:\/\/sarlpapinalain.fr\/#website","url":"https:\/\/sarlpapinalain.fr\/","name":"SARL PAPIN ALAIN","description":"Votre artisan carreleur","potentialAction":[{"@type":"SearchAction","target":{"@type":"EntryPoint","urlTemplate":"https:\/\/sarlpapinalain.fr\/?s={search_term_string}"},"query-input":{"@type":"PropertyValueSpecification","valueRequired":true,"valueName":"search_term_string"}}],"inLanguage":"fr-FR"}]}},"_links":{"self":[{"href":"https:\/\/sarlpapinalain.fr\/index.php?rest_route=\/wp\/v2\/pages\/58","targetHints":{"allow":["GET"]}}],"collection":[{"href":"https:\/\/sarlpapinalain.fr\/index.php?rest_route=\/wp\/v2\/pages"}],"about":[{"href":"https:\/\/sarlpapinalain.fr\/index.php?rest_route=\/wp\/v2\/types\/page"}],"author":[{"embeddable":true,"href":"https:\/\/sarlpapinalain.fr\/index.php?rest_route=\/wp\/v2\/users\/1"}],"replies":[{"embeddable":true,"href":"https:\/\/sarlpapinalain.fr\/index.php?rest_route=%2Fwp%2Fv2%2Fcomments&post=58"}],"version-history":[{"count":3,"href":"https:\/\/sarlpapinalain.fr\/index.php?rest_route=\/wp\/v2\/pages\/58\/revisions"}],"predecessor-version":[{"id":197,"href":"https:\/\/sarlpapinalain.fr\/index.php?rest_route=\/wp\/v2\/pages\/58\/revisions\/197"}],"up":[{"embeddable":true,"href":"https:\/\/sarlpapinalain.fr\/index.php?rest_route=\/wp\/v2\/pages\/20"}],"wp:attachment":[{"href":"https:\/\/sarlpapinalain.fr\/index.php?rest_route=%2Fwp%2Fv2%2Fmedia&parent=58"}],"curies":[{"name":"wp","href":"https:\/\/api.w.org\/{rel}","templated":true}]}}