{"id":40,"date":"2021-10-11T10:28:18","date_gmt":"2021-10-11T10:28:18","guid":{"rendered":"https:\/\/sarlpapinalain.fr\/?page_id=40"},"modified":"2021-10-11T12:04:19","modified_gmt":"2021-10-11T12:04:19","slug":"les-escaliers-exterieurs","status":"publish","type":"page","link":"https:\/\/sarlpapinalain.fr\/?page_id=40","title":{"rendered":"Les Escaliers Ext\u00e9rieurs"},"content":{"rendered":"\n<p>En effet, il faut penser aux \u00e9l\u00e9ments climatiques. Il faut donc pr\u00e9voir un syst\u00e8me de drainage sous les carreaux.<\/p>\n\n\n\n<p>Il faut aussi penser \u00e0 se munir d\u2019un carreau non g\u00e9live et un peu antid\u00e9rapant.<\/p>\n\n\n\n<p>Pour les nez de marche, il faut pr\u00e9voir soit un nez de marche en carrelage soit un nez de marche en profil\u00e9 alu.<\/p>\n","protected":false},"excerpt":{"rendered":"<p>En effet, il faut penser aux \u00e9l\u00e9ments climatiques. Il faut donc pr\u00e9voir un syst\u00e8me de drainage sous les carreaux. Il faut aussi penser \u00e0 se munir d\u2019un carreau non g\u00e9live et un peu antid\u00e9rapant. Pour les nez de marche, il &hellip; <a href=\"https:\/\/sarlpapinalain.fr\/?page_id=40\">Continuer la lecture <span class=\"meta-nav\">&rarr;<\/span><\/a><\/p>\n","protected":false},"author":1,"featured_media":0,"parent":16,"menu_order":0,"comment_status":"closed","ping_status":"closed","template":"","meta":{"footnotes":""},"class_list":["post-40","page","type-page","status-publish","hentry"],"yoast_head":"<!-- This site is optimized with the Yoast SEO plugin v27.5 - https:\/\/yoast.com\/product\/yoast-seo-wordpress\/ -->\n<title>Les Escaliers Ext\u00e9rieurs - SARL PAPIN ALAIN<\/title>\n<meta name=\"robots\" content=\"index, follow, max-snippet:-1, max-image-preview:large, max-video-preview:-1\" \/>\n<link rel=\"canonical\" href=\"https:\/\/sarlpapinalain.fr\/?page_id=40\" \/>\n<meta property=\"og:locale\" content=\"fr_FR\" \/>\n<meta property=\"og:type\" content=\"article\" \/>\n<meta property=\"og:title\" content=\"Les Escaliers Ext\u00e9rieurs - SARL PAPIN ALAIN\" \/>\n<meta property=\"og:description\" content=\"En effet, il faut penser aux \u00e9l\u00e9ments climatiques. Il faut donc pr\u00e9voir un syst\u00e8me de drainage sous les carreaux. Il faut aussi penser \u00e0 se munir d\u2019un carreau non g\u00e9live et un peu antid\u00e9rapant. Pour les nez de marche, il &hellip; Continuer la lecture &rarr;\" \/>\n<meta property=\"og:url\" content=\"https:\/\/sarlpapinalain.fr\/?page_id=40\" \/>\n<meta property=\"og:site_name\" content=\"SARL PAPIN ALAIN\" \/>\n<meta property=\"article:modified_time\" content=\"2021-10-11T12:04:19+00:00\" \/>\n<meta name=\"twitter:card\" content=\"summary_large_image\" \/>\n<meta name=\"twitter:label1\" content=\"Dur\u00e9e de lecture estim\u00e9e\" \/>\n\t<meta name=\"twitter:data1\" content=\"1 minute\" \/>\n<script type=\"application\/ld+json\" class=\"yoast-schema-graph\">{\"@context\":\"https:\\\/\\\/schema.org\",\"@graph\":[{\"@type\":\"WebPage\",\"@id\":\"https:\\\/\\\/sarlpapinalain.fr\\\/?page_id=40\",\"url\":\"https:\\\/\\\/sarlpapinalain.fr\\\/?page_id=40\",\"name\":\"Les Escaliers Ext\u00e9rieurs - SARL PAPIN ALAIN\",\"isPartOf\":{\"@id\":\"https:\\\/\\\/sarlpapinalain.fr\\\/#website\"},\"datePublished\":\"2021-10-11T10:28:18+00:00\",\"dateModified\":\"2021-10-11T12:04:19+00:00\",\"breadcrumb\":{\"@id\":\"https:\\\/\\\/sarlpapinalain.fr\\\/?page_id=40#breadcrumb\"},\"inLanguage\":\"fr-FR\",\"potentialAction\":[{\"@type\":\"ReadAction\",\"target\":[\"https:\\\/\\\/sarlpapinalain.fr\\\/?page_id=40\"]}]},{\"@type\":\"BreadcrumbList\",\"@id\":\"https:\\\/\\\/sarlpapinalain.fr\\\/?page_id=40#breadcrumb\",\"itemListElement\":[{\"@type\":\"ListItem\",\"position\":1,\"name\":\"Accueil\",\"item\":\"https:\\\/\\\/sarlpapinalain.fr\\\/\"},{\"@type\":\"ListItem\",\"position\":2,\"name\":\"Terrasses\",\"item\":\"https:\\\/\\\/sarlpapinalain.fr\\\/?page_id=16\"},{\"@type\":\"ListItem\",\"position\":3,\"name\":\"Les Escaliers Ext\u00e9rieurs\"}]},{\"@type\":\"WebSite\",\"@id\":\"https:\\\/\\\/sarlpapinalain.fr\\\/#website\",\"url\":\"https:\\\/\\\/sarlpapinalain.fr\\\/\",\"name\":\"SARL PAPIN ALAIN\",\"description\":\"Votre artisan carreleur\",\"potentialAction\":[{\"@type\":\"SearchAction\",\"target\":{\"@type\":\"EntryPoint\",\"urlTemplate\":\"https:\\\/\\\/sarlpapinalain.fr\\\/?s={search_term_string}\"},\"query-input\":{\"@type\":\"PropertyValueSpecification\",\"valueRequired\":true,\"valueName\":\"search_term_string\"}}],\"inLanguage\":\"fr-FR\"}]}<\/script>\n<!-- \/ Yoast SEO plugin. -->","yoast_head_json":{"title":"Les Escaliers Ext\u00e9rieurs - SARL PAPIN ALAIN","robots":{"index":"index","follow":"follow","max-snippet":"max-snippet:-1","max-image-preview":"max-image-preview:large","max-video-preview":"max-video-preview:-1"},"canonical":"https:\/\/sarlpapinalain.fr\/?page_id=40","og_locale":"fr_FR","og_type":"article","og_title":"Les Escaliers Ext\u00e9rieurs - SARL PAPIN ALAIN","og_description":"En effet, il faut penser aux \u00e9l\u00e9ments climatiques. Il faut donc pr\u00e9voir un syst\u00e8me de drainage sous les carreaux. Il faut aussi penser \u00e0 se munir d\u2019un carreau non g\u00e9live et un peu antid\u00e9rapant. Pour les nez de marche, il &hellip; Continuer la lecture &rarr;","og_url":"https:\/\/sarlpapinalain.fr\/?page_id=40","og_site_name":"SARL PAPIN ALAIN","article_modified_time":"2021-10-11T12:04:19+00:00","twitter_card":"summary_large_image","twitter_misc":{"Dur\u00e9e de lecture estim\u00e9e":"1 minute"},"schema":{"@context":"https:\/\/schema.org","@graph":[{"@type":"WebPage","@id":"https:\/\/sarlpapinalain.fr\/?page_id=40","url":"https:\/\/sarlpapinalain.fr\/?page_id=40","name":"Les Escaliers Ext\u00e9rieurs - SARL PAPIN ALAIN","isPartOf":{"@id":"https:\/\/sarlpapinalain.fr\/#website"},"datePublished":"2021-10-11T10:28:18+00:00","dateModified":"2021-10-11T12:04:19+00:00","breadcrumb":{"@id":"https:\/\/sarlpapinalain.fr\/?page_id=40#breadcrumb"},"inLanguage":"fr-FR","potentialAction":[{"@type":"ReadAction","target":["https:\/\/sarlpapinalain.fr\/?page_id=40"]}]},{"@type":"BreadcrumbList","@id":"https:\/\/sarlpapinalain.fr\/?page_id=40#breadcrumb","itemListElement":[{"@type":"ListItem","position":1,"name":"Accueil","item":"https:\/\/sarlpapinalain.fr\/"},{"@type":"ListItem","position":2,"name":"Terrasses","item":"https:\/\/sarlpapinalain.fr\/?page_id=16"},{"@type":"ListItem","position":3,"name":"Les Escaliers Ext\u00e9rieurs"}]},{"@type":"WebSite","@id":"https:\/\/sarlpapinalain.fr\/#website","url":"https:\/\/sarlpapinalain.fr\/","name":"SARL PAPIN ALAIN","description":"Votre artisan carreleur","potentialAction":[{"@type":"SearchAction","target":{"@type":"EntryPoint","urlTemplate":"https:\/\/sarlpapinalain.fr\/?s={search_term_string}"},"query-input":{"@type":"PropertyValueSpecification","valueRequired":true,"valueName":"search_term_string"}}],"inLanguage":"fr-FR"}]}},"_links":{"self":[{"href":"https:\/\/sarlpapinalain.fr\/index.php?rest_route=\/wp\/v2\/pages\/40","targetHints":{"allow":["GET"]}}],"collection":[{"href":"https:\/\/sarlpapinalain.fr\/index.php?rest_route=\/wp\/v2\/pages"}],"about":[{"href":"https:\/\/sarlpapinalain.fr\/index.php?rest_route=\/wp\/v2\/types\/page"}],"author":[{"embeddable":true,"href":"https:\/\/sarlpapinalain.fr\/index.php?rest_route=\/wp\/v2\/users\/1"}],"replies":[{"embeddable":true,"href":"https:\/\/sarlpapinalain.fr\/index.php?rest_route=%2Fwp%2Fv2%2Fcomments&post=40"}],"version-history":[{"count":2,"href":"https:\/\/sarlpapinalain.fr\/index.php?rest_route=\/wp\/v2\/pages\/40\/revisions"}],"predecessor-version":[{"id":168,"href":"https:\/\/sarlpapinalain.fr\/index.php?rest_route=\/wp\/v2\/pages\/40\/revisions\/168"}],"up":[{"embeddable":true,"href":"https:\/\/sarlpapinalain.fr\/index.php?rest_route=\/wp\/v2\/pages\/16"}],"wp:attachment":[{"href":"https:\/\/sarlpapinalain.fr\/index.php?rest_route=%2Fwp%2Fv2%2Fmedia&parent=40"}],"curies":[{"name":"wp","href":"https:\/\/api.w.org\/{rel}","templated":true}]}}