{"id":32,"date":"2021-10-11T10:24:38","date_gmt":"2021-10-11T10:24:38","guid":{"rendered":"https:\/\/sarlpapinalain.fr\/?page_id=32"},"modified":"2021-10-11T12:07:39","modified_gmt":"2021-10-11T12:07:39","slug":"salle-de-bain-adaptee-simple-pour-un-maintien-a-domicile","status":"publish","type":"page","link":"https:\/\/sarlpapinalain.fr\/?page_id=32","title":{"rendered":"Salle De Bain Adapt\u00e9e Simple (Pour Un Maintien \u00c0 Domicile)"},"content":{"rendered":"\n<p>Nous faisons aussi des salles de bains adapt\u00e9e pour les personnes ayant besoin d\u2019une salle de bain accessible. Souvent ces salles de bains sont approuv\u00e9es par les aides de l\u2019\u00e9tat. R\u00e9guli\u00e8rement nous modernisons les salles de bains en \u00f4tant les baignoires pour les remplacer par des bacs \u00e0 douche.<\/p>\n\n\n\n<p>Dans cette pi\u00e8ce d\u2019eau il possible de faire uniquement le cot\u00e9 baignoire avec une r\u00e9fection des murs autour de cette derni\u00e8res puis pose de fa\u00efences, robinetteries, bac \u00e0 douche et parois ou selon les budgets il est possible de r\u00e9nover toute la pi\u00e8ce.<\/p>\n","protected":false},"excerpt":{"rendered":"<p>Nous faisons aussi des salles de bains adapt\u00e9e pour les personnes ayant besoin d\u2019une salle de bain accessible. Souvent ces salles de bains sont approuv\u00e9es par les aides de l\u2019\u00e9tat. R\u00e9guli\u00e8rement nous modernisons les salles de bains en \u00f4tant les &hellip; <a href=\"https:\/\/sarlpapinalain.fr\/?page_id=32\">Continuer la lecture <span class=\"meta-nav\">&rarr;<\/span><\/a><\/p>\n","protected":false},"author":1,"featured_media":0,"parent":14,"menu_order":0,"comment_status":"closed","ping_status":"closed","template":"","meta":{"footnotes":""},"class_list":["post-32","page","type-page","status-publish","hentry"],"yoast_head":"<!-- This site is optimized with the Yoast SEO plugin v27.5 - https:\/\/yoast.com\/product\/yoast-seo-wordpress\/ -->\n<title>Salle De Bain Adapt\u00e9e Simple (Pour Un Maintien \u00c0 Domicile) - SARL PAPIN ALAIN<\/title>\n<meta name=\"robots\" content=\"index, follow, max-snippet:-1, max-image-preview:large, max-video-preview:-1\" \/>\n<link rel=\"canonical\" href=\"https:\/\/sarlpapinalain.fr\/?page_id=32\" \/>\n<meta property=\"og:locale\" content=\"fr_FR\" \/>\n<meta property=\"og:type\" content=\"article\" \/>\n<meta property=\"og:title\" content=\"Salle De Bain Adapt\u00e9e Simple (Pour Un Maintien \u00c0 Domicile) - SARL PAPIN ALAIN\" \/>\n<meta property=\"og:description\" content=\"Nous faisons aussi des salles de bains adapt\u00e9e pour les personnes ayant besoin d\u2019une salle de bain accessible. Souvent ces salles de bains sont approuv\u00e9es par les aides de l\u2019\u00e9tat. R\u00e9guli\u00e8rement nous modernisons les salles de bains en \u00f4tant les &hellip; Continuer la lecture &rarr;\" \/>\n<meta property=\"og:url\" content=\"https:\/\/sarlpapinalain.fr\/?page_id=32\" \/>\n<meta property=\"og:site_name\" content=\"SARL PAPIN ALAIN\" \/>\n<meta property=\"article:modified_time\" content=\"2021-10-11T12:07:39+00:00\" \/>\n<meta name=\"twitter:card\" content=\"summary_large_image\" \/>\n<meta name=\"twitter:label1\" content=\"Dur\u00e9e de lecture estim\u00e9e\" \/>\n\t<meta name=\"twitter:data1\" content=\"1 minute\" \/>\n<script type=\"application\/ld+json\" class=\"yoast-schema-graph\">{\"@context\":\"https:\\\/\\\/schema.org\",\"@graph\":[{\"@type\":\"WebPage\",\"@id\":\"https:\\\/\\\/sarlpapinalain.fr\\\/?page_id=32\",\"url\":\"https:\\\/\\\/sarlpapinalain.fr\\\/?page_id=32\",\"name\":\"Salle De Bain Adapt\u00e9e Simple (Pour Un Maintien \u00c0 Domicile) - SARL PAPIN ALAIN\",\"isPartOf\":{\"@id\":\"https:\\\/\\\/sarlpapinalain.fr\\\/#website\"},\"datePublished\":\"2021-10-11T10:24:38+00:00\",\"dateModified\":\"2021-10-11T12:07:39+00:00\",\"breadcrumb\":{\"@id\":\"https:\\\/\\\/sarlpapinalain.fr\\\/?page_id=32#breadcrumb\"},\"inLanguage\":\"fr-FR\",\"potentialAction\":[{\"@type\":\"ReadAction\",\"target\":[\"https:\\\/\\\/sarlpapinalain.fr\\\/?page_id=32\"]}]},{\"@type\":\"BreadcrumbList\",\"@id\":\"https:\\\/\\\/sarlpapinalain.fr\\\/?page_id=32#breadcrumb\",\"itemListElement\":[{\"@type\":\"ListItem\",\"position\":1,\"name\":\"Accueil\",\"item\":\"https:\\\/\\\/sarlpapinalain.fr\\\/\"},{\"@type\":\"ListItem\",\"position\":2,\"name\":\"Salle de bain\",\"item\":\"https:\\\/\\\/sarlpapinalain.fr\\\/?page_id=14\"},{\"@type\":\"ListItem\",\"position\":3,\"name\":\"Salle De Bain Adapt\u00e9e Simple (Pour Un Maintien \u00c0 Domicile)\"}]},{\"@type\":\"WebSite\",\"@id\":\"https:\\\/\\\/sarlpapinalain.fr\\\/#website\",\"url\":\"https:\\\/\\\/sarlpapinalain.fr\\\/\",\"name\":\"SARL PAPIN ALAIN\",\"description\":\"Votre artisan carreleur\",\"potentialAction\":[{\"@type\":\"SearchAction\",\"target\":{\"@type\":\"EntryPoint\",\"urlTemplate\":\"https:\\\/\\\/sarlpapinalain.fr\\\/?s={search_term_string}\"},\"query-input\":{\"@type\":\"PropertyValueSpecification\",\"valueRequired\":true,\"valueName\":\"search_term_string\"}}],\"inLanguage\":\"fr-FR\"}]}<\/script>\n<!-- \/ Yoast SEO plugin. -->","yoast_head_json":{"title":"Salle De Bain Adapt\u00e9e Simple (Pour Un Maintien \u00c0 Domicile) - SARL PAPIN ALAIN","robots":{"index":"index","follow":"follow","max-snippet":"max-snippet:-1","max-image-preview":"max-image-preview:large","max-video-preview":"max-video-preview:-1"},"canonical":"https:\/\/sarlpapinalain.fr\/?page_id=32","og_locale":"fr_FR","og_type":"article","og_title":"Salle De Bain Adapt\u00e9e Simple (Pour Un Maintien \u00c0 Domicile) - SARL PAPIN ALAIN","og_description":"Nous faisons aussi des salles de bains adapt\u00e9e pour les personnes ayant besoin d\u2019une salle de bain accessible. Souvent ces salles de bains sont approuv\u00e9es par les aides de l\u2019\u00e9tat. R\u00e9guli\u00e8rement nous modernisons les salles de bains en \u00f4tant les &hellip; Continuer la lecture &rarr;","og_url":"https:\/\/sarlpapinalain.fr\/?page_id=32","og_site_name":"SARL PAPIN ALAIN","article_modified_time":"2021-10-11T12:07:39+00:00","twitter_card":"summary_large_image","twitter_misc":{"Dur\u00e9e de lecture estim\u00e9e":"1 minute"},"schema":{"@context":"https:\/\/schema.org","@graph":[{"@type":"WebPage","@id":"https:\/\/sarlpapinalain.fr\/?page_id=32","url":"https:\/\/sarlpapinalain.fr\/?page_id=32","name":"Salle De Bain Adapt\u00e9e Simple (Pour Un Maintien \u00c0 Domicile) - SARL PAPIN ALAIN","isPartOf":{"@id":"https:\/\/sarlpapinalain.fr\/#website"},"datePublished":"2021-10-11T10:24:38+00:00","dateModified":"2021-10-11T12:07:39+00:00","breadcrumb":{"@id":"https:\/\/sarlpapinalain.fr\/?page_id=32#breadcrumb"},"inLanguage":"fr-FR","potentialAction":[{"@type":"ReadAction","target":["https:\/\/sarlpapinalain.fr\/?page_id=32"]}]},{"@type":"BreadcrumbList","@id":"https:\/\/sarlpapinalain.fr\/?page_id=32#breadcrumb","itemListElement":[{"@type":"ListItem","position":1,"name":"Accueil","item":"https:\/\/sarlpapinalain.fr\/"},{"@type":"ListItem","position":2,"name":"Salle de bain","item":"https:\/\/sarlpapinalain.fr\/?page_id=14"},{"@type":"ListItem","position":3,"name":"Salle De Bain Adapt\u00e9e Simple (Pour Un Maintien \u00c0 Domicile)"}]},{"@type":"WebSite","@id":"https:\/\/sarlpapinalain.fr\/#website","url":"https:\/\/sarlpapinalain.fr\/","name":"SARL PAPIN ALAIN","description":"Votre artisan carreleur","potentialAction":[{"@type":"SearchAction","target":{"@type":"EntryPoint","urlTemplate":"https:\/\/sarlpapinalain.fr\/?s={search_term_string}"},"query-input":{"@type":"PropertyValueSpecification","valueRequired":true,"valueName":"search_term_string"}}],"inLanguage":"fr-FR"}]}},"_links":{"self":[{"href":"https:\/\/sarlpapinalain.fr\/index.php?rest_route=\/wp\/v2\/pages\/32","targetHints":{"allow":["GET"]}}],"collection":[{"href":"https:\/\/sarlpapinalain.fr\/index.php?rest_route=\/wp\/v2\/pages"}],"about":[{"href":"https:\/\/sarlpapinalain.fr\/index.php?rest_route=\/wp\/v2\/types\/page"}],"author":[{"embeddable":true,"href":"https:\/\/sarlpapinalain.fr\/index.php?rest_route=\/wp\/v2\/users\/1"}],"replies":[{"embeddable":true,"href":"https:\/\/sarlpapinalain.fr\/index.php?rest_route=%2Fwp%2Fv2%2Fcomments&post=32"}],"version-history":[{"count":2,"href":"https:\/\/sarlpapinalain.fr\/index.php?rest_route=\/wp\/v2\/pages\/32\/revisions"}],"predecessor-version":[{"id":173,"href":"https:\/\/sarlpapinalain.fr\/index.php?rest_route=\/wp\/v2\/pages\/32\/revisions\/173"}],"up":[{"embeddable":true,"href":"https:\/\/sarlpapinalain.fr\/index.php?rest_route=\/wp\/v2\/pages\/14"}],"wp:attachment":[{"href":"https:\/\/sarlpapinalain.fr\/index.php?rest_route=%2Fwp%2Fv2%2Fmedia&parent=32"}],"curies":[{"name":"wp","href":"https:\/\/api.w.org\/{rel}","templated":true}]}}