{"id":28,"date":"2021-10-11T10:23:22","date_gmt":"2021-10-11T10:23:22","guid":{"rendered":"https:\/\/sarlpapinalain.fr\/?page_id=28"},"modified":"2021-10-11T12:07:01","modified_gmt":"2021-10-11T12:07:01","slug":"une-autre-salle-de-bain-avec-une-photo-avant-et-des-photos-apres-travaux","status":"publish","type":"page","link":"https:\/\/sarlpapinalain.fr\/?page_id=28","title":{"rendered":"Une Autre Salle De Bain Avec Une Photo Avant Et Des Photos Apr\u00e8s Travaux"},"content":{"rendered":"\n<p>Dans cet article, je vais vous pr\u00e9senter une salle de bain derni\u00e8rement r\u00e9alis\u00e9e.<\/p>\n\n\n\n<p>Je ne pense pas syst\u00e9matiquement \u00e0 prendre des photos d\u2019avant travaux, aussi les clients m\u2019ont envoy\u00e9 une photo de la salle de bain avant travaux. Vous pouvez donc en voir l\u2019\u00e9volution.<\/p>\n\n\n\n<p>Il s\u2019agit ici d\u2019une salle de bain pour une famille compos\u00e9e de deux adultes et de deux enfants.<\/p>\n","protected":false},"excerpt":{"rendered":"<p>Dans cet article, je vais vous pr\u00e9senter une salle de bain derni\u00e8rement r\u00e9alis\u00e9e. Je ne pense pas syst\u00e9matiquement \u00e0 prendre des photos d\u2019avant travaux, aussi les clients m\u2019ont envoy\u00e9 une photo de la salle de bain avant travaux. Vous pouvez &hellip; <a href=\"https:\/\/sarlpapinalain.fr\/?page_id=28\">Continuer la lecture <span class=\"meta-nav\">&rarr;<\/span><\/a><\/p>\n","protected":false},"author":1,"featured_media":0,"parent":14,"menu_order":0,"comment_status":"closed","ping_status":"closed","template":"","meta":{"footnotes":""},"class_list":["post-28","page","type-page","status-publish","hentry"],"yoast_head":"<!-- This site is optimized with the Yoast SEO plugin v27.5 - https:\/\/yoast.com\/product\/yoast-seo-wordpress\/ -->\n<title>Une Autre Salle De Bain Avec Une Photo Avant Et Des Photos Apr\u00e8s Travaux - SARL PAPIN ALAIN<\/title>\n<meta name=\"robots\" content=\"index, follow, max-snippet:-1, max-image-preview:large, max-video-preview:-1\" \/>\n<link rel=\"canonical\" href=\"https:\/\/sarlpapinalain.fr\/?page_id=28\" \/>\n<meta property=\"og:locale\" content=\"fr_FR\" \/>\n<meta property=\"og:type\" content=\"article\" \/>\n<meta property=\"og:title\" content=\"Une Autre Salle De Bain Avec Une Photo Avant Et Des Photos Apr\u00e8s Travaux - SARL PAPIN ALAIN\" \/>\n<meta property=\"og:description\" content=\"Dans cet article, je vais vous pr\u00e9senter une salle de bain derni\u00e8rement r\u00e9alis\u00e9e. Je ne pense pas syst\u00e9matiquement \u00e0 prendre des photos d\u2019avant travaux, aussi les clients m\u2019ont envoy\u00e9 une photo de la salle de bain avant travaux. Vous pouvez &hellip; Continuer la lecture &rarr;\" \/>\n<meta property=\"og:url\" content=\"https:\/\/sarlpapinalain.fr\/?page_id=28\" \/>\n<meta property=\"og:site_name\" content=\"SARL PAPIN ALAIN\" \/>\n<meta property=\"article:modified_time\" content=\"2021-10-11T12:07:01+00:00\" \/>\n<meta name=\"twitter:card\" content=\"summary_large_image\" \/>\n<meta name=\"twitter:label1\" content=\"Dur\u00e9e de lecture estim\u00e9e\" \/>\n\t<meta name=\"twitter:data1\" content=\"1 minute\" \/>\n<script type=\"application\/ld+json\" class=\"yoast-schema-graph\">{\"@context\":\"https:\\\/\\\/schema.org\",\"@graph\":[{\"@type\":\"WebPage\",\"@id\":\"https:\\\/\\\/sarlpapinalain.fr\\\/?page_id=28\",\"url\":\"https:\\\/\\\/sarlpapinalain.fr\\\/?page_id=28\",\"name\":\"Une Autre Salle De Bain Avec Une Photo Avant Et Des Photos Apr\u00e8s Travaux - SARL PAPIN ALAIN\",\"isPartOf\":{\"@id\":\"https:\\\/\\\/sarlpapinalain.fr\\\/#website\"},\"datePublished\":\"2021-10-11T10:23:22+00:00\",\"dateModified\":\"2021-10-11T12:07:01+00:00\",\"breadcrumb\":{\"@id\":\"https:\\\/\\\/sarlpapinalain.fr\\\/?page_id=28#breadcrumb\"},\"inLanguage\":\"fr-FR\",\"potentialAction\":[{\"@type\":\"ReadAction\",\"target\":[\"https:\\\/\\\/sarlpapinalain.fr\\\/?page_id=28\"]}]},{\"@type\":\"BreadcrumbList\",\"@id\":\"https:\\\/\\\/sarlpapinalain.fr\\\/?page_id=28#breadcrumb\",\"itemListElement\":[{\"@type\":\"ListItem\",\"position\":1,\"name\":\"Accueil\",\"item\":\"https:\\\/\\\/sarlpapinalain.fr\\\/\"},{\"@type\":\"ListItem\",\"position\":2,\"name\":\"Salle de bain\",\"item\":\"https:\\\/\\\/sarlpapinalain.fr\\\/?page_id=14\"},{\"@type\":\"ListItem\",\"position\":3,\"name\":\"Une Autre Salle De Bain Avec Une Photo Avant Et Des Photos Apr\u00e8s Travaux\"}]},{\"@type\":\"WebSite\",\"@id\":\"https:\\\/\\\/sarlpapinalain.fr\\\/#website\",\"url\":\"https:\\\/\\\/sarlpapinalain.fr\\\/\",\"name\":\"SARL PAPIN ALAIN\",\"description\":\"Votre artisan carreleur\",\"potentialAction\":[{\"@type\":\"SearchAction\",\"target\":{\"@type\":\"EntryPoint\",\"urlTemplate\":\"https:\\\/\\\/sarlpapinalain.fr\\\/?s={search_term_string}\"},\"query-input\":{\"@type\":\"PropertyValueSpecification\",\"valueRequired\":true,\"valueName\":\"search_term_string\"}}],\"inLanguage\":\"fr-FR\"}]}<\/script>\n<!-- \/ Yoast SEO plugin. -->","yoast_head_json":{"title":"Une Autre Salle De Bain Avec Une Photo Avant Et Des Photos Apr\u00e8s Travaux - SARL PAPIN ALAIN","robots":{"index":"index","follow":"follow","max-snippet":"max-snippet:-1","max-image-preview":"max-image-preview:large","max-video-preview":"max-video-preview:-1"},"canonical":"https:\/\/sarlpapinalain.fr\/?page_id=28","og_locale":"fr_FR","og_type":"article","og_title":"Une Autre Salle De Bain Avec Une Photo Avant Et Des Photos Apr\u00e8s Travaux - SARL PAPIN ALAIN","og_description":"Dans cet article, je vais vous pr\u00e9senter une salle de bain derni\u00e8rement r\u00e9alis\u00e9e. Je ne pense pas syst\u00e9matiquement \u00e0 prendre des photos d\u2019avant travaux, aussi les clients m\u2019ont envoy\u00e9 une photo de la salle de bain avant travaux. Vous pouvez &hellip; Continuer la lecture &rarr;","og_url":"https:\/\/sarlpapinalain.fr\/?page_id=28","og_site_name":"SARL PAPIN ALAIN","article_modified_time":"2021-10-11T12:07:01+00:00","twitter_card":"summary_large_image","twitter_misc":{"Dur\u00e9e de lecture estim\u00e9e":"1 minute"},"schema":{"@context":"https:\/\/schema.org","@graph":[{"@type":"WebPage","@id":"https:\/\/sarlpapinalain.fr\/?page_id=28","url":"https:\/\/sarlpapinalain.fr\/?page_id=28","name":"Une Autre Salle De Bain Avec Une Photo Avant Et Des Photos Apr\u00e8s Travaux - SARL PAPIN ALAIN","isPartOf":{"@id":"https:\/\/sarlpapinalain.fr\/#website"},"datePublished":"2021-10-11T10:23:22+00:00","dateModified":"2021-10-11T12:07:01+00:00","breadcrumb":{"@id":"https:\/\/sarlpapinalain.fr\/?page_id=28#breadcrumb"},"inLanguage":"fr-FR","potentialAction":[{"@type":"ReadAction","target":["https:\/\/sarlpapinalain.fr\/?page_id=28"]}]},{"@type":"BreadcrumbList","@id":"https:\/\/sarlpapinalain.fr\/?page_id=28#breadcrumb","itemListElement":[{"@type":"ListItem","position":1,"name":"Accueil","item":"https:\/\/sarlpapinalain.fr\/"},{"@type":"ListItem","position":2,"name":"Salle de bain","item":"https:\/\/sarlpapinalain.fr\/?page_id=14"},{"@type":"ListItem","position":3,"name":"Une Autre Salle De Bain Avec Une Photo Avant Et Des Photos Apr\u00e8s Travaux"}]},{"@type":"WebSite","@id":"https:\/\/sarlpapinalain.fr\/#website","url":"https:\/\/sarlpapinalain.fr\/","name":"SARL PAPIN ALAIN","description":"Votre artisan carreleur","potentialAction":[{"@type":"SearchAction","target":{"@type":"EntryPoint","urlTemplate":"https:\/\/sarlpapinalain.fr\/?s={search_term_string}"},"query-input":{"@type":"PropertyValueSpecification","valueRequired":true,"valueName":"search_term_string"}}],"inLanguage":"fr-FR"}]}},"_links":{"self":[{"href":"https:\/\/sarlpapinalain.fr\/index.php?rest_route=\/wp\/v2\/pages\/28","targetHints":{"allow":["GET"]}}],"collection":[{"href":"https:\/\/sarlpapinalain.fr\/index.php?rest_route=\/wp\/v2\/pages"}],"about":[{"href":"https:\/\/sarlpapinalain.fr\/index.php?rest_route=\/wp\/v2\/types\/page"}],"author":[{"embeddable":true,"href":"https:\/\/sarlpapinalain.fr\/index.php?rest_route=\/wp\/v2\/users\/1"}],"replies":[{"embeddable":true,"href":"https:\/\/sarlpapinalain.fr\/index.php?rest_route=%2Fwp%2Fv2%2Fcomments&post=28"}],"version-history":[{"count":2,"href":"https:\/\/sarlpapinalain.fr\/index.php?rest_route=\/wp\/v2\/pages\/28\/revisions"}],"predecessor-version":[{"id":172,"href":"https:\/\/sarlpapinalain.fr\/index.php?rest_route=\/wp\/v2\/pages\/28\/revisions\/172"}],"up":[{"embeddable":true,"href":"https:\/\/sarlpapinalain.fr\/index.php?rest_route=\/wp\/v2\/pages\/14"}],"wp:attachment":[{"href":"https:\/\/sarlpapinalain.fr\/index.php?rest_route=%2Fwp%2Fv2%2Fmedia&parent=28"}],"curies":[{"name":"wp","href":"https:\/\/api.w.org\/{rel}","templated":true}]}}