{"id":24,"date":"2021-10-11T10:20:23","date_gmt":"2021-10-11T10:20:23","guid":{"rendered":"https:\/\/sarlpapinalain.fr\/?page_id=24"},"modified":"2021-10-11T13:31:25","modified_gmt":"2021-10-11T13:31:25","slug":"les-credences-de-cuisine","status":"publish","type":"page","link":"https:\/\/sarlpapinalain.fr\/?page_id=24","title":{"rendered":"Les cr\u00e9dences de cuisine"},"content":{"rendered":"\n<p>Dans les qualifications de l\u2019entreprise, il y a aussi la r\u00e9alisation des cr\u00e9dences de cuisines, en fa\u00efence.<\/p>\n\n\n\n<p>Dans la cuisine il est aussi possible de mettre un carreaux assez grand (en g\u00e9n\u00e9ral 60*60) et fin sur le plan de travail. Cette finition l\u00e0 ne br\u00fble pas, est costaud et est tr\u00e8s facile d\u2019entretien.<\/p>\n\n\n\n<p>Je n\u2019ai malheureusement pas de photo de plan de travail que nous avons r\u00e9alis\u00e9s\u00a0 mais j\u2019ai quelques cr\u00e9dences.<\/p>\n\n\n\n<p><\/p>\n\n\n\n<figure class=\"wp-block-image size-large is-resized\"><img loading=\"lazy\" decoding=\"async\" src=\"https:\/\/sarlpapinalain.fr\/wp-content\/uploads\/2021\/10\/20190128_134425-1024x828.jpg\" alt=\"\" class=\"wp-image-181\" width=\"469\" height=\"378\" srcset=\"https:\/\/sarlpapinalain.fr\/wp-content\/uploads\/2021\/10\/20190128_134425-1024x828.jpg 1024w, https:\/\/sarlpapinalain.fr\/wp-content\/uploads\/2021\/10\/20190128_134425-300x242.jpg 300w, https:\/\/sarlpapinalain.fr\/wp-content\/uploads\/2021\/10\/20190128_134425-768x621.jpg 768w, https:\/\/sarlpapinalain.fr\/wp-content\/uploads\/2021\/10\/20190128_134425-1536x1242.jpg 1536w, https:\/\/sarlpapinalain.fr\/wp-content\/uploads\/2021\/10\/20190128_134425-rotated.jpg 1836w\" sizes=\"auto, (max-width: 469px) 100vw, 469px\" \/><figcaption>Cr\u00e9dence de cuisine.<\/figcaption><\/figure>\n\n\n\n<p><\/p>\n","protected":false},"excerpt":{"rendered":"<p>Dans les qualifications de l\u2019entreprise, il y a aussi la r\u00e9alisation des cr\u00e9dences de cuisines, en fa\u00efence. Dans la cuisine il est aussi possible de mettre un carreaux assez grand (en g\u00e9n\u00e9ral 60*60) et fin sur le plan de travail. &hellip; <a href=\"https:\/\/sarlpapinalain.fr\/?page_id=24\">Continuer la lecture <span class=\"meta-nav\">&rarr;<\/span><\/a><\/p>\n","protected":false},"author":1,"featured_media":0,"parent":0,"menu_order":0,"comment_status":"closed","ping_status":"closed","template":"","meta":{"footnotes":""},"class_list":["post-24","page","type-page","status-publish","hentry"],"yoast_head":"<!-- This site is optimized with the Yoast SEO plugin v27.5 - https:\/\/yoast.com\/product\/yoast-seo-wordpress\/ -->\n<title>Les cr\u00e9dences de cuisine - SARL PAPIN ALAIN<\/title>\n<meta name=\"robots\" content=\"index, follow, max-snippet:-1, max-image-preview:large, max-video-preview:-1\" \/>\n<link rel=\"canonical\" href=\"https:\/\/sarlpapinalain.fr\/?page_id=24\" \/>\n<meta property=\"og:locale\" content=\"fr_FR\" \/>\n<meta property=\"og:type\" content=\"article\" \/>\n<meta property=\"og:title\" content=\"Les cr\u00e9dences de cuisine - SARL PAPIN ALAIN\" \/>\n<meta property=\"og:description\" content=\"Dans les qualifications de l\u2019entreprise, il y a aussi la r\u00e9alisation des cr\u00e9dences de cuisines, en fa\u00efence. Dans la cuisine il est aussi possible de mettre un carreaux assez grand (en g\u00e9n\u00e9ral 60*60) et fin sur le plan de travail. &hellip; Continuer la lecture &rarr;\" \/>\n<meta property=\"og:url\" content=\"https:\/\/sarlpapinalain.fr\/?page_id=24\" \/>\n<meta property=\"og:site_name\" content=\"SARL PAPIN ALAIN\" \/>\n<meta property=\"article:modified_time\" content=\"2021-10-11T13:31:25+00:00\" \/>\n<meta property=\"og:image\" content=\"https:\/\/sarlpapinalain.fr\/wp-content\/uploads\/2021\/10\/20190128_134425-1024x828.jpg\" \/>\n<meta name=\"twitter:card\" content=\"summary_large_image\" \/>\n<meta name=\"twitter:label1\" content=\"Dur\u00e9e de lecture estim\u00e9e\" \/>\n\t<meta name=\"twitter:data1\" content=\"1 minute\" \/>\n<script type=\"application\/ld+json\" class=\"yoast-schema-graph\">{\"@context\":\"https:\\\/\\\/schema.org\",\"@graph\":[{\"@type\":\"WebPage\",\"@id\":\"https:\\\/\\\/sarlpapinalain.fr\\\/?page_id=24\",\"url\":\"https:\\\/\\\/sarlpapinalain.fr\\\/?page_id=24\",\"name\":\"Les cr\u00e9dences de cuisine - SARL PAPIN ALAIN\",\"isPartOf\":{\"@id\":\"https:\\\/\\\/sarlpapinalain.fr\\\/#website\"},\"primaryImageOfPage\":{\"@id\":\"https:\\\/\\\/sarlpapinalain.fr\\\/?page_id=24#primaryimage\"},\"image\":{\"@id\":\"https:\\\/\\\/sarlpapinalain.fr\\\/?page_id=24#primaryimage\"},\"thumbnailUrl\":\"https:\\\/\\\/sarlpapinalain.fr\\\/wp-content\\\/uploads\\\/2021\\\/10\\\/20190128_134425-1024x828.jpg\",\"datePublished\":\"2021-10-11T10:20:23+00:00\",\"dateModified\":\"2021-10-11T13:31:25+00:00\",\"breadcrumb\":{\"@id\":\"https:\\\/\\\/sarlpapinalain.fr\\\/?page_id=24#breadcrumb\"},\"inLanguage\":\"fr-FR\",\"potentialAction\":[{\"@type\":\"ReadAction\",\"target\":[\"https:\\\/\\\/sarlpapinalain.fr\\\/?page_id=24\"]}]},{\"@type\":\"ImageObject\",\"inLanguage\":\"fr-FR\",\"@id\":\"https:\\\/\\\/sarlpapinalain.fr\\\/?page_id=24#primaryimage\",\"url\":\"https:\\\/\\\/sarlpapinalain.fr\\\/wp-content\\\/uploads\\\/2021\\\/10\\\/20190128_134425-rotated.jpg\",\"contentUrl\":\"https:\\\/\\\/sarlpapinalain.fr\\\/wp-content\\\/uploads\\\/2021\\\/10\\\/20190128_134425-rotated.jpg\",\"width\":1836,\"height\":1484},{\"@type\":\"BreadcrumbList\",\"@id\":\"https:\\\/\\\/sarlpapinalain.fr\\\/?page_id=24#breadcrumb\",\"itemListElement\":[{\"@type\":\"ListItem\",\"position\":1,\"name\":\"Accueil\",\"item\":\"https:\\\/\\\/sarlpapinalain.fr\\\/\"},{\"@type\":\"ListItem\",\"position\":2,\"name\":\"Les cr\u00e9dences de cuisine\"}]},{\"@type\":\"WebSite\",\"@id\":\"https:\\\/\\\/sarlpapinalain.fr\\\/#website\",\"url\":\"https:\\\/\\\/sarlpapinalain.fr\\\/\",\"name\":\"SARL PAPIN ALAIN\",\"description\":\"Votre artisan carreleur\",\"potentialAction\":[{\"@type\":\"SearchAction\",\"target\":{\"@type\":\"EntryPoint\",\"urlTemplate\":\"https:\\\/\\\/sarlpapinalain.fr\\\/?s={search_term_string}\"},\"query-input\":{\"@type\":\"PropertyValueSpecification\",\"valueRequired\":true,\"valueName\":\"search_term_string\"}}],\"inLanguage\":\"fr-FR\"}]}<\/script>\n<!-- \/ Yoast SEO plugin. -->","yoast_head_json":{"title":"Les cr\u00e9dences de cuisine - SARL PAPIN ALAIN","robots":{"index":"index","follow":"follow","max-snippet":"max-snippet:-1","max-image-preview":"max-image-preview:large","max-video-preview":"max-video-preview:-1"},"canonical":"https:\/\/sarlpapinalain.fr\/?page_id=24","og_locale":"fr_FR","og_type":"article","og_title":"Les cr\u00e9dences de cuisine - SARL PAPIN ALAIN","og_description":"Dans les qualifications de l\u2019entreprise, il y a aussi la r\u00e9alisation des cr\u00e9dences de cuisines, en fa\u00efence. Dans la cuisine il est aussi possible de mettre un carreaux assez grand (en g\u00e9n\u00e9ral 60*60) et fin sur le plan de travail. &hellip; Continuer la lecture &rarr;","og_url":"https:\/\/sarlpapinalain.fr\/?page_id=24","og_site_name":"SARL PAPIN ALAIN","article_modified_time":"2021-10-11T13:31:25+00:00","og_image":[{"url":"https:\/\/sarlpapinalain.fr\/wp-content\/uploads\/2021\/10\/20190128_134425-1024x828.jpg","type":"","width":"","height":""}],"twitter_card":"summary_large_image","twitter_misc":{"Dur\u00e9e de lecture estim\u00e9e":"1 minute"},"schema":{"@context":"https:\/\/schema.org","@graph":[{"@type":"WebPage","@id":"https:\/\/sarlpapinalain.fr\/?page_id=24","url":"https:\/\/sarlpapinalain.fr\/?page_id=24","name":"Les cr\u00e9dences de cuisine - SARL PAPIN ALAIN","isPartOf":{"@id":"https:\/\/sarlpapinalain.fr\/#website"},"primaryImageOfPage":{"@id":"https:\/\/sarlpapinalain.fr\/?page_id=24#primaryimage"},"image":{"@id":"https:\/\/sarlpapinalain.fr\/?page_id=24#primaryimage"},"thumbnailUrl":"https:\/\/sarlpapinalain.fr\/wp-content\/uploads\/2021\/10\/20190128_134425-1024x828.jpg","datePublished":"2021-10-11T10:20:23+00:00","dateModified":"2021-10-11T13:31:25+00:00","breadcrumb":{"@id":"https:\/\/sarlpapinalain.fr\/?page_id=24#breadcrumb"},"inLanguage":"fr-FR","potentialAction":[{"@type":"ReadAction","target":["https:\/\/sarlpapinalain.fr\/?page_id=24"]}]},{"@type":"ImageObject","inLanguage":"fr-FR","@id":"https:\/\/sarlpapinalain.fr\/?page_id=24#primaryimage","url":"https:\/\/sarlpapinalain.fr\/wp-content\/uploads\/2021\/10\/20190128_134425-rotated.jpg","contentUrl":"https:\/\/sarlpapinalain.fr\/wp-content\/uploads\/2021\/10\/20190128_134425-rotated.jpg","width":1836,"height":1484},{"@type":"BreadcrumbList","@id":"https:\/\/sarlpapinalain.fr\/?page_id=24#breadcrumb","itemListElement":[{"@type":"ListItem","position":1,"name":"Accueil","item":"https:\/\/sarlpapinalain.fr\/"},{"@type":"ListItem","position":2,"name":"Les cr\u00e9dences de cuisine"}]},{"@type":"WebSite","@id":"https:\/\/sarlpapinalain.fr\/#website","url":"https:\/\/sarlpapinalain.fr\/","name":"SARL PAPIN ALAIN","description":"Votre artisan carreleur","potentialAction":[{"@type":"SearchAction","target":{"@type":"EntryPoint","urlTemplate":"https:\/\/sarlpapinalain.fr\/?s={search_term_string}"},"query-input":{"@type":"PropertyValueSpecification","valueRequired":true,"valueName":"search_term_string"}}],"inLanguage":"fr-FR"}]}},"_links":{"self":[{"href":"https:\/\/sarlpapinalain.fr\/index.php?rest_route=\/wp\/v2\/pages\/24","targetHints":{"allow":["GET"]}}],"collection":[{"href":"https:\/\/sarlpapinalain.fr\/index.php?rest_route=\/wp\/v2\/pages"}],"about":[{"href":"https:\/\/sarlpapinalain.fr\/index.php?rest_route=\/wp\/v2\/types\/page"}],"author":[{"embeddable":true,"href":"https:\/\/sarlpapinalain.fr\/index.php?rest_route=\/wp\/v2\/users\/1"}],"replies":[{"embeddable":true,"href":"https:\/\/sarlpapinalain.fr\/index.php?rest_route=%2Fwp%2Fv2%2Fcomments&post=24"}],"version-history":[{"count":3,"href":"https:\/\/sarlpapinalain.fr\/index.php?rest_route=\/wp\/v2\/pages\/24\/revisions"}],"predecessor-version":[{"id":182,"href":"https:\/\/sarlpapinalain.fr\/index.php?rest_route=\/wp\/v2\/pages\/24\/revisions\/182"}],"wp:attachment":[{"href":"https:\/\/sarlpapinalain.fr\/index.php?rest_route=%2Fwp%2Fv2%2Fmedia&parent=24"}],"curies":[{"name":"wp","href":"https:\/\/api.w.org\/{rel}","templated":true}]}}