{"id":10,"date":"2021-10-11T10:15:00","date_gmt":"2021-10-11T10:15:00","guid":{"rendered":"https:\/\/sarlpapinalain.fr\/?page_id=10"},"modified":"2021-10-13T12:12:26","modified_gmt":"2021-10-13T12:12:26","slug":"presentation-de-lentreprise","status":"publish","type":"page","link":"https:\/\/sarlpapinalain.fr\/","title":{"rendered":"Pr\u00e9sentation de l&rsquo;entreprise"},"content":{"rendered":"\n<h2 class=\"wp-block-heading\">Bonjour ! Je suis carreleur, ma\u00e7on, plombier, j\u2019habite \u00e0 Connerr\u00e9 et avec ce site je veux vous montrer ce que je sais faire et vous pr\u00e9senter mes r\u00e9alisations. J\u2019esp\u00e8re que cela vous conviendra.<\/h2>\n\n\n\n<h1 class=\"wp-block-heading\">&nbsp;<\/h1>\n\n\n\n<p><strong>Mon entreprise s\u2019appelle la SARL PAPIN ALAIN et est situ\u00e9e sur la commune de Connerr\u00e9 en Sarthe, pas tr\u00e8s loin du Mans.<\/strong><\/p>\n\n\n\n<p>Ses activit\u00e9s sont le carrelage, les fa\u00efences,&nbsp; la plomberie et la ma\u00e7onnerie, ce qui lui permet de faire des salle de bain dites cl\u00e9s en main, c\u2019est \u00e0 dire de la d\u00e9molition en cas de besoin \u00e0 la pose et fournitures des diff\u00e9rents \u00e9l\u00e9ments. En effet, M Papin a un dipl\u00f4me de ma\u00e7on, puis de carreleur et enfin de plombier. Notre d\u00e9cennale couvre d\u2019ailleurs ces 3 m\u00e9tiers diff\u00e9rents. Vous trouverez dans nos diff\u00e9rents articles des photos de ses ouvrages.<\/p>\n\n\n\n<p>Nous sommes pour le moment 3 dans la SARL,<\/p>\n\n\n\n<ul class=\"wp-block-list\"><li>M Papin le chef d\u2019entreprise qui travaille et aide son ouvrier.&nbsp; Il se rend chez les clients \u00e0 leur convenance pour observer leur projet,&nbsp; les conseiller puis chiffrer leurs envies.<\/li><li>Un ouvrier qualifi\u00e9 Ma\u00e7on qui \u00e9volue en cdi depuis plusieurs mois maintenant.<\/li><\/ul>\n\n\n\n<ul class=\"wp-block-list\"><li>&nbsp;Mme Papin qui s\u2019occupe du cot\u00e9 administratif et commercial, qui emm\u00e8ne aussi les clients qui le souhaitent pour faire leur choix de carrelage, fa\u00efences, meuble.&nbsp; Mme Papin va aussi parfois en renfort sur les chantiers ou fait aussi la remise des devis avec pr\u00e9sentation de ce dernier.<\/li><li>&nbsp;En cas de besoin le chef d\u2019entreprise&nbsp; s\u2019entoure aussi d\u2019ouvriers qualifi\u00e9s qu\u2019il connait et qu\u2019il a d\u00e9j\u00e0 fait travailler.<\/li><\/ul>\n\n\n\n<p>Vous pouvez voir nos diff\u00e9rentes r\u00e9alisations soit en dessous de cet article, soit en cliquant sur les diff\u00e9rents menus en haut de cet article (par exemple :terrasses, puis terrasse en petit pav\u00e9,&nbsp; ou salle de bain puis..) .<\/p>\n\n\n\n<h3 class=\"wp-block-heading\">Vous pouvez nous contacter au<strong>&nbsp;&nbsp; 02.43.89.75.22<\/strong><\/h3>\n\n\n\n<h3 class=\"wp-block-heading\">mais aussi au&nbsp;<strong>06.62.22.71.65<\/strong><\/h3>\n\n\n\n<h3 class=\"wp-block-heading\">un mail o\u00f9 vous pouvez nous \u00e9crire ou nous poser des questions.<\/h3>\n\n\n\n<h3 class=\"wp-block-heading\">&nbsp;&nbsp;<em>carolemartin7283@gmail.com<\/em><\/h3>\n\n\n\n<p>Pour d\u00e9couvrir les photos et les projets men\u00e9s par l\u2019entreprise n\u2019h\u00e9sitez pas \u00e0 cliquer sur les petits menus en haut, puis sur les sous menus qui apparaissent. Ainsi les articles sont class\u00e9s par cat\u00e9gories de travaux&nbsp; (sols, ma\u00e7onnerie, terrasse, salle de bains)&nbsp; puis par projets ou par exemple de projets, ces articles sont comment\u00e9s et agr\u00e9ment\u00e9s de photos.<\/p>\n\n\n\n<p>Comme il y a eu un souci d\u2019h\u00e9bergement  ce site est en restructuration pour la mise en place de photo. <\/p>\n\n\n\n<p>Bonne d\u00e9couverte du site.<\/p>\n","protected":false},"excerpt":{"rendered":"<p>Bonjour ! Je suis carreleur, ma\u00e7on, plombier, j\u2019habite \u00e0 Connerr\u00e9 et avec ce site je veux vous montrer ce que je sais faire et vous pr\u00e9senter mes r\u00e9alisations. J\u2019esp\u00e8re que cela vous conviendra. &nbsp; Mon entreprise s\u2019appelle la SARL PAPIN &hellip; <a href=\"https:\/\/sarlpapinalain.fr\/\">Continuer la lecture <span class=\"meta-nav\">&rarr;<\/span><\/a><\/p>\n","protected":false},"author":1,"featured_media":0,"parent":0,"menu_order":0,"comment_status":"closed","ping_status":"closed","template":"","meta":{"footnotes":""},"class_list":["post-10","page","type-page","status-publish","hentry"],"yoast_head":"<!-- This site is optimized with the Yoast SEO plugin v27.5 - https:\/\/yoast.com\/product\/yoast-seo-wordpress\/ -->\n<title>Pr\u00e9sentation de l&#039;entreprise - SARL PAPIN ALAIN<\/title>\n<meta name=\"description\" content=\"Sp\u00e9cialis\u00e9s en travaux de ma\u00e7onnerie g\u00e9n\u00e9rale et de finition, nous intervenons pour la r\u00e9alisation de vos projets en neuf, comme en r\u00e9novation. Garage, cl\u00f4ture, pose de ba 13 et d&#039;isolation font partis de nos comp\u00e9tences. Nous r\u00e9alisons des salles de bains cl\u00e9 en main, c&#039;est \u00e0 dire du d\u00e9but du projet (conception, plan, devis, r\u00e9alisation) \u00e0 la fin de ce dernier sans avoir besoin de multiplier les interlocuteurs. Soucieux de votre budget, nous vous fournissons des devis clairs et d\u00e9taill\u00e9s.\" \/>\n<meta name=\"robots\" content=\"index, follow, max-snippet:-1, max-image-preview:large, max-video-preview:-1\" \/>\n<link rel=\"canonical\" href=\"https:\/\/sarlpapinalain.fr\/\" \/>\n<meta property=\"og:locale\" content=\"fr_FR\" \/>\n<meta property=\"og:type\" content=\"article\" \/>\n<meta property=\"og:title\" content=\"Pr\u00e9sentation de l&#039;entreprise - SARL PAPIN ALAIN\" \/>\n<meta property=\"og:description\" content=\"Sp\u00e9cialis\u00e9s en travaux de ma\u00e7onnerie g\u00e9n\u00e9rale et de finition, nous intervenons pour la r\u00e9alisation de vos projets en neuf, comme en r\u00e9novation. Garage, cl\u00f4ture, pose de ba 13 et d&#039;isolation font partis de nos comp\u00e9tences. Nous r\u00e9alisons des salles de bains cl\u00e9 en main, c&#039;est \u00e0 dire du d\u00e9but du projet (conception, plan, devis, r\u00e9alisation) \u00e0 la fin de ce dernier sans avoir besoin de multiplier les interlocuteurs. Soucieux de votre budget, nous vous fournissons des devis clairs et d\u00e9taill\u00e9s.\" \/>\n<meta property=\"og:url\" content=\"https:\/\/sarlpapinalain.fr\/\" \/>\n<meta property=\"og:site_name\" content=\"SARL PAPIN ALAIN\" \/>\n<meta property=\"article:modified_time\" content=\"2021-10-13T12:12:26+00:00\" \/>\n<meta name=\"twitter:card\" content=\"summary_large_image\" \/>\n<meta name=\"twitter:label1\" content=\"Dur\u00e9e de lecture estim\u00e9e\" \/>\n\t<meta name=\"twitter:data1\" content=\"2 minutes\" \/>\n<script type=\"application\/ld+json\" class=\"yoast-schema-graph\">{\"@context\":\"https:\\\/\\\/schema.org\",\"@graph\":[{\"@type\":\"WebPage\",\"@id\":\"https:\\\/\\\/sarlpapinalain.fr\\\/\",\"url\":\"https:\\\/\\\/sarlpapinalain.fr\\\/\",\"name\":\"Pr\u00e9sentation de l'entreprise - SARL PAPIN ALAIN\",\"isPartOf\":{\"@id\":\"https:\\\/\\\/sarlpapinalain.fr\\\/#website\"},\"datePublished\":\"2021-10-11T10:15:00+00:00\",\"dateModified\":\"2021-10-13T12:12:26+00:00\",\"description\":\"Sp\u00e9cialis\u00e9s en travaux de ma\u00e7onnerie g\u00e9n\u00e9rale et de finition, nous intervenons pour la r\u00e9alisation de vos projets en neuf, comme en r\u00e9novation. Garage, cl\u00f4ture, pose de ba 13 et d'isolation font partis de nos comp\u00e9tences. Nous r\u00e9alisons des salles de bains cl\u00e9 en main, c'est \u00e0 dire du d\u00e9but du projet (conception, plan, devis, r\u00e9alisation) \u00e0 la fin de ce dernier sans avoir besoin de multiplier les interlocuteurs. Soucieux de votre budget, nous vous fournissons des devis clairs et d\u00e9taill\u00e9s.\",\"breadcrumb\":{\"@id\":\"https:\\\/\\\/sarlpapinalain.fr\\\/#breadcrumb\"},\"inLanguage\":\"fr-FR\",\"potentialAction\":[{\"@type\":\"ReadAction\",\"target\":[\"https:\\\/\\\/sarlpapinalain.fr\\\/\"]}]},{\"@type\":\"BreadcrumbList\",\"@id\":\"https:\\\/\\\/sarlpapinalain.fr\\\/#breadcrumb\",\"itemListElement\":[{\"@type\":\"ListItem\",\"position\":1,\"name\":\"Accueil\",\"item\":\"https:\\\/\\\/sarlpapinalain.fr\\\/\"},{\"@type\":\"ListItem\",\"position\":2,\"name\":\"Pr\u00e9sentation de l&rsquo;entreprise\"}]},{\"@type\":\"WebSite\",\"@id\":\"https:\\\/\\\/sarlpapinalain.fr\\\/#website\",\"url\":\"https:\\\/\\\/sarlpapinalain.fr\\\/\",\"name\":\"SARL PAPIN ALAIN\",\"description\":\"Votre artisan carreleur\",\"potentialAction\":[{\"@type\":\"SearchAction\",\"target\":{\"@type\":\"EntryPoint\",\"urlTemplate\":\"https:\\\/\\\/sarlpapinalain.fr\\\/?s={search_term_string}\"},\"query-input\":{\"@type\":\"PropertyValueSpecification\",\"valueRequired\":true,\"valueName\":\"search_term_string\"}}],\"inLanguage\":\"fr-FR\"}]}<\/script>\n<!-- \/ Yoast SEO plugin. -->","yoast_head_json":{"title":"Pr\u00e9sentation de l'entreprise - SARL PAPIN ALAIN","description":"Sp\u00e9cialis\u00e9s en travaux de ma\u00e7onnerie g\u00e9n\u00e9rale et de finition, nous intervenons pour la r\u00e9alisation de vos projets en neuf, comme en r\u00e9novation. Garage, cl\u00f4ture, pose de ba 13 et d'isolation font partis de nos comp\u00e9tences. Nous r\u00e9alisons des salles de bains cl\u00e9 en main, c'est \u00e0 dire du d\u00e9but du projet (conception, plan, devis, r\u00e9alisation) \u00e0 la fin de ce dernier sans avoir besoin de multiplier les interlocuteurs. Soucieux de votre budget, nous vous fournissons des devis clairs et d\u00e9taill\u00e9s.","robots":{"index":"index","follow":"follow","max-snippet":"max-snippet:-1","max-image-preview":"max-image-preview:large","max-video-preview":"max-video-preview:-1"},"canonical":"https:\/\/sarlpapinalain.fr\/","og_locale":"fr_FR","og_type":"article","og_title":"Pr\u00e9sentation de l'entreprise - SARL PAPIN ALAIN","og_description":"Sp\u00e9cialis\u00e9s en travaux de ma\u00e7onnerie g\u00e9n\u00e9rale et de finition, nous intervenons pour la r\u00e9alisation de vos projets en neuf, comme en r\u00e9novation. Garage, cl\u00f4ture, pose de ba 13 et d'isolation font partis de nos comp\u00e9tences. Nous r\u00e9alisons des salles de bains cl\u00e9 en main, c'est \u00e0 dire du d\u00e9but du projet (conception, plan, devis, r\u00e9alisation) \u00e0 la fin de ce dernier sans avoir besoin de multiplier les interlocuteurs. Soucieux de votre budget, nous vous fournissons des devis clairs et d\u00e9taill\u00e9s.","og_url":"https:\/\/sarlpapinalain.fr\/","og_site_name":"SARL PAPIN ALAIN","article_modified_time":"2021-10-13T12:12:26+00:00","twitter_card":"summary_large_image","twitter_misc":{"Dur\u00e9e de lecture estim\u00e9e":"2 minutes"},"schema":{"@context":"https:\/\/schema.org","@graph":[{"@type":"WebPage","@id":"https:\/\/sarlpapinalain.fr\/","url":"https:\/\/sarlpapinalain.fr\/","name":"Pr\u00e9sentation de l'entreprise - SARL PAPIN ALAIN","isPartOf":{"@id":"https:\/\/sarlpapinalain.fr\/#website"},"datePublished":"2021-10-11T10:15:00+00:00","dateModified":"2021-10-13T12:12:26+00:00","description":"Sp\u00e9cialis\u00e9s en travaux de ma\u00e7onnerie g\u00e9n\u00e9rale et de finition, nous intervenons pour la r\u00e9alisation de vos projets en neuf, comme en r\u00e9novation. Garage, cl\u00f4ture, pose de ba 13 et d'isolation font partis de nos comp\u00e9tences. Nous r\u00e9alisons des salles de bains cl\u00e9 en main, c'est \u00e0 dire du d\u00e9but du projet (conception, plan, devis, r\u00e9alisation) \u00e0 la fin de ce dernier sans avoir besoin de multiplier les interlocuteurs. Soucieux de votre budget, nous vous fournissons des devis clairs et d\u00e9taill\u00e9s.","breadcrumb":{"@id":"https:\/\/sarlpapinalain.fr\/#breadcrumb"},"inLanguage":"fr-FR","potentialAction":[{"@type":"ReadAction","target":["https:\/\/sarlpapinalain.fr\/"]}]},{"@type":"BreadcrumbList","@id":"https:\/\/sarlpapinalain.fr\/#breadcrumb","itemListElement":[{"@type":"ListItem","position":1,"name":"Accueil","item":"https:\/\/sarlpapinalain.fr\/"},{"@type":"ListItem","position":2,"name":"Pr\u00e9sentation de l&rsquo;entreprise"}]},{"@type":"WebSite","@id":"https:\/\/sarlpapinalain.fr\/#website","url":"https:\/\/sarlpapinalain.fr\/","name":"SARL PAPIN ALAIN","description":"Votre artisan carreleur","potentialAction":[{"@type":"SearchAction","target":{"@type":"EntryPoint","urlTemplate":"https:\/\/sarlpapinalain.fr\/?s={search_term_string}"},"query-input":{"@type":"PropertyValueSpecification","valueRequired":true,"valueName":"search_term_string"}}],"inLanguage":"fr-FR"}]}},"_links":{"self":[{"href":"https:\/\/sarlpapinalain.fr\/index.php?rest_route=\/wp\/v2\/pages\/10","targetHints":{"allow":["GET"]}}],"collection":[{"href":"https:\/\/sarlpapinalain.fr\/index.php?rest_route=\/wp\/v2\/pages"}],"about":[{"href":"https:\/\/sarlpapinalain.fr\/index.php?rest_route=\/wp\/v2\/types\/page"}],"author":[{"embeddable":true,"href":"https:\/\/sarlpapinalain.fr\/index.php?rest_route=\/wp\/v2\/users\/1"}],"replies":[{"embeddable":true,"href":"https:\/\/sarlpapinalain.fr\/index.php?rest_route=%2Fwp%2Fv2%2Fcomments&post=10"}],"version-history":[{"count":4,"href":"https:\/\/sarlpapinalain.fr\/index.php?rest_route=\/wp\/v2\/pages\/10\/revisions"}],"predecessor-version":[{"id":203,"href":"https:\/\/sarlpapinalain.fr\/index.php?rest_route=\/wp\/v2\/pages\/10\/revisions\/203"}],"wp:attachment":[{"href":"https:\/\/sarlpapinalain.fr\/index.php?rest_route=%2Fwp%2Fv2%2Fmedia&parent=10"}],"curies":[{"name":"wp","href":"https:\/\/api.w.org\/{rel}","templated":true}]}}